{"id":25574,"date":"2023-10-06T15:09:32","date_gmt":"2023-10-06T15:09:32","guid":{"rendered":"https:\/\/apexx.agencypartnerinteractive.com\/?page_id=25574"},"modified":"2025-12-17T14:08:09","modified_gmt":"2025-12-17T19:08:09","slug":"como-elegir-un-buen-nombre-para-su-empresa-de-transporte","status":"publish","type":"page","link":"https:\/\/www.apexcapitalcorp.com\/es\/autoridad\/como-elegir-un-buen-nombre-para-su-empresa-de-transporte\/","title":{"rendered":"C\u00f3mo Elegir un Buen Nombre para Su Empresa de Transporte"},"content":{"rendered":"<div class=\"wpb-content-wrapper\"><p>[vc_row][vc_column width=&#8221;1\/2&#8243;][vc_column_text css=&#8221;&#8221;]<\/p>\n<h2 style=\"text-align: left;\"><strong>\u00bfQu\u00e9 Nombre Deber\u00eda Elegir para Su Empresa de Transporte?<\/strong><\/h2>\n<p>Decidir lanzar su propio negocio, tomar control de su destino y comenzar su propia empresa de transporte no es una decisi\u00f3n f\u00e1cil. Antes de empezar, tendr\u00e1 que elegir un buen nombre para su empresa. Suena simple, \u00bfverdad? En realidad, esta es una decisi\u00f3n importante y elegir un nombre adecuado puede ser fundamental para su estrategia de negocio. Estos consejos pueden ayudarle a decidir cu\u00e1l es el nombre perfecto para su empresa de transporte.<\/p>\n<p style=\"text-align: center;\"><a class=\"theme-button-1 btn-dark-bg cta\" href=\"https:\/\/www.apexcapitalcorp.com\/es\/autoridad\/como-elegir-un-buen-nombre-para-su-empresa-de-transporte\/#form\"><span class=\"\">\u00a1Comienza!<\/span><\/a><\/p>\n<p>[\/vc_column_text][\/vc_column][vc_column width=&#8221;1\/2&#8243;][vc_single_image image=&#8221;25576&#8243; img_size=&#8221;full&#8221; alignment=&#8221;center&#8221; style=&#8221;vc_box_rounded&#8221;][\/vc_column][\/vc_row][vc_row][vc_column][vc_column_text css=&#8221;&#8221;]<\/p>\n<h3>Ideas para Nombrar una Empresa de Transporte<\/h3>\n<p>Le sugerimos reunirse con amigos y familiares para compartir ideas. Escribir cualquier palabra que crea que describa su futura empresa de transporte generar\u00e1 ideas que quiz\u00e1s no haya considerado. No se limite y sea lo m\u00e1s creativo posible. Luego, puede reducir la lista a sus favoritos.<\/p>\n<h4>\u00bfCu\u00e1les son Sus Objetivos Comerciales?<\/h4>\n<p>\u00bfQu\u00e9 desea que sus futuros clientes piensen cuando escuchen el nombre de su empresa de transporte? \u00bfQuiere proyectar una imagen profesional y confiable? Crear una marca s\u00f3lida para su empresa comienza con el nombre, especialmente cuando promocione su empresa m\u00e1s adelante. Pensar en los objetivos de su empresa de transporte puede ayudarlo a elegir palabras que puedan atraer el tipo de clientes con los que desea trabajar.<\/p>\n<h4>\u00bfC\u00f3mo Establecer\u00e1 Su Empresa de Transporte?<\/h4>\n<p>Si planea <a href=\"https:\/\/www.apexcapitalcorp.com\/es\/autoridad\/obtener-la-autoridad\/\">formar su empresa de transporte<\/a> como una corporaci\u00f3n, debe tener una designaci\u00f3n corporativa como Corp o Inc. en el nombre. Si su empresa es una LLC, debe elegir un nombre comercial que cumpla con los requisitos de LLC de su estado. Si planea formar alg\u00fan tipo de sociedad comanditaria, su estado probablemente requerir\u00e1 una redacci\u00f3n similar en el nombre de su empresa. Estos requisitos de nombres comerciales ayudan a sus clientes a saber con qu\u00e9 tipo de negocio est\u00e1n trabajando y evitan confusiones.<\/p>\n<p>Tambi\u00e9n recuerde que un estado no permitir\u00e1 que dos empresas de transporte que operan dentro de ese estado tengan el mismo nombre o incluso uno que sea demasiado similar. Algunos estados son m\u00e1s estrictos sobre lo que consideran &#8220;similar&#8221;. Verifique la base de datos de su estado con anticipaci\u00f3n para asegurarse de que el nombre de su empresa no sea rechazado. Tenga en cuenta que algunos estados pueden cobrarle por buscar en su base de datos de nombres comerciales.<\/p>\n<h4>Imagine el Nombre<\/h4>\n<p>Imagine el nombre de su empresa de transporte en el costado de un cami\u00f3n, como un logotipo, en el papeleo, o en una direcci\u00f3n de correo electr\u00f3nico. \u00bfEs demasiado largo y complicado? \u00bfPuedes decirlo f\u00e1cilmente por tel\u00e9fono? Al elegir un nombre para su negocio, le beneficiar\u00e1 a largo plazo hacer las cosas lo m\u00e1s f\u00e1ciles posible para usted y sus clientes.<\/p>\n<h4>Nombres \u00danicos para Empresas de Transporte<\/h4>\n<p>Hoy en d\u00eda, hay cientos de miles de empresas de transporte en los Estados Unidos, por lo que es seguro asumir que los nombres comunes de empresas de transporte probablemente no estar\u00e1n disponibles cuando registre su empresa en su estado de origen. No querr\u00e1s configurar un nombre espec\u00edfico solo para que te digan que no est\u00e1 disponible. Piense en lo com\u00fan que es la idea del nombre de su empresa de transporte antes de comprometerse.<\/p>\n<h4>Evite las Replicas<\/h4>\n<p>Si desarrolla un nombre con un logotipo, es una buena idea consultar con la herramienta de b\u00fasqueda de marcas comerciales de la Oficina de Patentes y Marcas de los Estados Unidos para asegurarse de que el nombre y el logotipo de su empresa no se parezcan demasiado a uno que ya est\u00e1 registrado.[\/vc_column_text][vc_separator el_width=&#8221;90&#8243;][\/vc_column][\/vc_row][vc_row][vc_column][vc_column_text css=&#8221;&#8221;]<\/p>\n<h3 style=\"text-align: left;\"><strong>Tipos de Nombres para Empresas de Transporte<\/strong><\/h3>\n<h4>Nombres Familiares<\/h4>\n<p>Darle un nombre familiar a su empresa de transporte puede ayudarlo a construir un legado en la industria de transporte. Si sue\u00f1a con pasar su negocio a la pr\u00f3xima generaci\u00f3n, un negocio familiar garantiza que el legado de su empresa en la industria continuar\u00e1. Algunos clientes tambi\u00e9n pueden apreciar trabajar con una empresa &#8220;familiar&#8221; o &#8220;propiedad de una familia&#8221;.<\/p>\n<h4>Nombres Basados en la Ubicaci\u00f3n<\/h4>\n<p>Si planea operar en un \u00e1rea geogr\u00e1fica espec\u00edfica, considere el nombre de una empresa de transporte espec\u00edfico para esa ubicaci\u00f3n. Esto podr\u00eda atraer a los clientes que desean que los camioneros locales transporten su carga. Pero tambi\u00e9n considere los posibles planes de expansi\u00f3n. No querr\u00e1 limitarse si planea transportar a nivel nacional.<\/p>\n<h4>Tipos de Carga<\/h4>\n<p>Si va a especializarse en carga refrigerada, materiales peligrosos, transporte pesado o otros tipos espec\u00edficos de carga, considere incluir ese tipo de <a href=\"https:\/\/www.apexcapitalcorp.com\/\/es\/utilidades\/nextload\/\">carga<\/a> en el nombre. Un generador de nombres puede ayudarlo a encontrar opciones que reflejen estas especialidades y resalten su negocio.<\/p>\n<h4>Nombres \u00danicos de Empresas<\/h4>\n<p>\u00bfQuiere que su empresa de transporte se destaque entre la competencia? Considere nombres \u00fanicos de empresas de transporte que se relacionen con la cultura o personalidad de su empresa. Esto hace que el nombre de su empresa sea m\u00e1s reconocido para los clientes.[\/vc_column_text][\/vc_column][\/vc_row][vc_row][vc_column][vc_separator el_width=&#8221;90&#8243;][vc_column_text css=&#8221;&#8221;]<\/p>\n<h3 style=\"text-align: left;\"><strong>Errores que Debe Evitar al Nombrar Su Empresa de Transporte<\/strong><\/h3>\n<h4>Elegir un Nombre que es Demasiado Com\u00fan<\/h4>\n<p>Sus clientes quieren recordarte y un nombre com\u00fan podr\u00eda causar confusi\u00f3n. Es importante que el nombre de su empresa de transporte sea reconocido, y ya lo hemos mencionado varias veces pero evitar nombres demasiado similares a los de otras empresas de transporte es fundamental.<\/p>\n<h4>Elegir un Nombre Clich\u00e9<\/h4>\n<p>Palabras o expresiones que son muy com\u00fan en la industria de transporte no son descriptivas y no les dicen a sus clientes qu\u00e9 tiene de especial su empresa. Trate de pensar en palabras positivas y met\u00e1foras que describan a su empresa de transporte y encontrar\u00e1 excelentes opciones.<\/p>\n<h4>Involucrar a Demasiadas Personas<\/h4>\n<p>\u00a1Todos tienen una opini\u00f3n! Sin embargo, recibir comentarios de demasiadas personas puede sobrecargar sus opciones y alejarlo de sus objetivos comerciales. Involucre a algunas personas clave que comprendan sus objetivos comerciales y puedan brindar opiniones estrat\u00e9gicas e inteligentes.[\/vc_column_text][\/vc_column][\/vc_row][vc_row][vc_column width=&#8221;1\/2&#8243;][vc_column_text css=&#8221;&#8221;]<\/p>\n<header id=\"form\">\n<h3><strong>Recurso Adicional para Iniciar una Empresa de Transporte<\/strong><\/h3>\n<p>Una vez que est\u00e9 listo para seguir adelante, lea <a href=\"https:\/\/www.apexcapitalcorp.com\/\/es\/autoridad\/7-pasos-para-empezar-una-empresa-exitosa-de-transporte\/\">7 Pasos Para Iniciar Una Empresa Exitosa de Transporte<\/a> para asegurarse de que no se est\u00e1 perdiendo pasos importantes para iniciar su empresa.<\/p>\n<p><b>Ahora que tiene ideas de nombres, \u00a1perm\u00edtanos ayudarlo a comenzar su empresa de transporte! Ll\u00e1manos al <a href=\"tel:8553682739\">855-368-2739<\/a> o complete este formulario.<\/b><\/p>\n<\/header>\n<p>[\/vc_column_text][\/vc_column][vc_column width=&#8221;1\/2&#8243;][vc_raw_html]JTNDc2NyaXB0JTIwc3JjJTNEJTIyJTJGJTJGc3RhcnQuYXBleGNhcGl0YWxjb3JwLmNvbSUyRmpzJTJGZm9ybXMyJTJGanMlMkZmb3JtczIubWluLmpzJTIyJTNFJTNDJTJGc2NyaXB0JTNFJTBBJTNDZm9ybSUyMGlkJTNEJTIybWt0b0Zvcm1fMTI1OSUyMiUzRSUzQyUyRmZvcm0lM0UlMEElM0NzY3JpcHQlM0VNa3RvRm9ybXMyLmxvYWRGb3JtJTI4JTIyJTJGJTJGc3RhcnQuYXBleGNhcGl0YWxjb3JwLmNvbSUyMiUyQyUyMCUyMjY4Ni1ITUgtMzUzJTIyJTJDJTIwMTI1OSUyOSUzQiUzQyUyRnNjcmlwdCUzRQ==[\/vc_raw_html][\/vc_column][\/vc_row]<\/p>\n<\/div>","protected":false},"excerpt":{"rendered":"<p>[vc_row][vc_column width=&#8221;1\/2&#8243;][vc_column_text css=&#8221;&#8221;] \u00bfQu\u00e9 Nombre Deber\u00eda Elegir para Su Empresa de Transporte? Decidir lanzar su propio negocio, tomar control de su destino y comenzar su propia empresa de transporte no es una decisi\u00f3n f\u00e1cil. Antes de empezar, tendr\u00e1 que elegir un buen nombre para su empresa. Suena simple, \u00bfverdad? En realidad, esta es una decisi\u00f3n [&hellip;]<\/p>\n","protected":false},"author":1,"featured_media":0,"parent":23334,"menu_order":0,"comment_status":"closed","ping_status":"closed","template":"","meta":{"_acf_changed":false,"inline_featured_image":false,"footnotes":""},"class_list":["post-25574","page","type-page","status-publish","hentry"],"acf":[],"yoast_head":"<!-- This site is optimized with the Yoast SEO Premium plugin v27.3 (Yoast SEO v27.3) - https:\/\/yoast.com\/product\/yoast-seo-premium-wordpress\/ -->\n<title>C\u00f3mo Elegir un Buen Nombre Para Su Empresa de Transporte | Apex Capital<\/title>\n<meta name=\"description\" content=\"Elegir un nombre excelente para su empresa de transporte parece f\u00e1cil, pero encontrar ideas para nombrar su nueva empresa es m\u00e1s dif\u00edcil de lo que parece.\" \/>\n<meta name=\"robots\" content=\"index, follow, max-snippet:-1, max-image-preview:large, max-video-preview:-1\" \/>\n<link rel=\"canonical\" href=\"https:\/\/www.apexcapitalcorp.com\/es\/autoridad\/como-elegir-un-buen-nombre-para-su-empresa-de-transporte\/\" \/>\n<meta property=\"og:locale\" content=\"es_ES\" \/>\n<meta property=\"og:type\" content=\"article\" \/>\n<meta property=\"og:title\" content=\"C\u00f3mo Elegir un Buen Nombre para Su Empresa de Transporte\" \/>\n<meta property=\"og:description\" content=\"Elegir un nombre excelente para su empresa de transporte parece f\u00e1cil, pero encontrar ideas para nombrar su nueva empresa es m\u00e1s dif\u00edcil de lo que parece.\" \/>\n<meta property=\"og:url\" content=\"https:\/\/www.apexcapitalcorp.com\/es\/autoridad\/como-elegir-un-buen-nombre-para-su-empresa-de-transporte\/\" \/>\n<meta property=\"og:site_name\" content=\"Apex Capital Factoring\" \/>\n<meta property=\"article:publisher\" content=\"https:\/\/www.facebook.com\/apexyourfreightbills\" \/>\n<meta property=\"article:modified_time\" content=\"2025-12-17T19:08:09+00:00\" \/>\n<meta property=\"og:image\" content=\"https:\/\/www.apexcapitalcorp.com\/wp-content\/uploads\/2023\/09\/trucking-company.jpg\" \/>\n\t<meta property=\"og:image:width\" content=\"1397\" \/>\n\t<meta property=\"og:image:height\" content=\"881\" \/>\n\t<meta property=\"og:image:type\" content=\"image\/jpeg\" \/>\n<meta name=\"twitter:card\" content=\"summary_large_image\" \/>\n<meta name=\"twitter:label1\" content=\"Tiempo de lectura\" \/>\n\t<meta name=\"twitter:data1\" content=\"5 minutos\" \/>\n<script type=\"application\/ld+json\" class=\"yoast-schema-graph\">{\"@context\":\"https:\\\/\\\/schema.org\",\"@graph\":[{\"@type\":\"WebPage\",\"@id\":\"https:\\\/\\\/www.apexcapitalcorp.com\\\/es\\\/autoridad\\\/como-elegir-un-buen-nombre-para-su-empresa-de-transporte\\\/\",\"url\":\"https:\\\/\\\/www.apexcapitalcorp.com\\\/es\\\/autoridad\\\/como-elegir-un-buen-nombre-para-su-empresa-de-transporte\\\/\",\"name\":\"C\u00f3mo Elegir un Buen Nombre Para Su Empresa de Transporte | Apex Capital\",\"isPartOf\":{\"@id\":\"https:\\\/\\\/www.apexcapitalcorp.com\\\/es\\\/#website\"},\"datePublished\":\"2023-10-06T15:09:32+00:00\",\"dateModified\":\"2025-12-17T19:08:09+00:00\",\"description\":\"Elegir un nombre excelente para su empresa de transporte parece f\u00e1cil, pero encontrar ideas para nombrar su nueva empresa es m\u00e1s dif\u00edcil de lo que parece.\",\"breadcrumb\":{\"@id\":\"https:\\\/\\\/www.apexcapitalcorp.com\\\/es\\\/autoridad\\\/como-elegir-un-buen-nombre-para-su-empresa-de-transporte\\\/#breadcrumb\"},\"inLanguage\":\"es\",\"potentialAction\":[{\"@type\":\"ReadAction\",\"target\":[\"https:\\\/\\\/www.apexcapitalcorp.com\\\/es\\\/autoridad\\\/como-elegir-un-buen-nombre-para-su-empresa-de-transporte\\\/\"]}]},{\"@type\":\"BreadcrumbList\",\"@id\":\"https:\\\/\\\/www.apexcapitalcorp.com\\\/es\\\/autoridad\\\/como-elegir-un-buen-nombre-para-su-empresa-de-transporte\\\/#breadcrumb\",\"itemListElement\":[{\"@type\":\"ListItem\",\"position\":1,\"name\":\"Home\",\"item\":\"https:\\\/\\\/www.apexcapitalcorp.com\\\/es\\\/\"},{\"@type\":\"ListItem\",\"position\":2,\"name\":\"EL APEX STARTUP PROGRAM\",\"item\":\"https:\\\/\\\/www.apexcapitalcorp.com\\\/es\\\/autoridad\\\/\"},{\"@type\":\"ListItem\",\"position\":3,\"name\":\"C\u00f3mo Elegir un Buen Nombre para Su Empresa de Transporte\"}]},{\"@type\":\"WebSite\",\"@id\":\"https:\\\/\\\/www.apexcapitalcorp.com\\\/es\\\/#website\",\"url\":\"https:\\\/\\\/www.apexcapitalcorp.com\\\/es\\\/\",\"name\":\"Apex Capital Factoring\",\"description\":\"Freight Factoring, Fuel &amp; Authority for Trucking Companies\",\"publisher\":{\"@id\":\"https:\\\/\\\/www.apexcapitalcorp.com\\\/es\\\/#organization\"},\"alternateName\":\"Apex Capital Corp\",\"potentialAction\":[{\"@type\":\"SearchAction\",\"target\":{\"@type\":\"EntryPoint\",\"urlTemplate\":\"https:\\\/\\\/www.apexcapitalcorp.com\\\/es\\\/?s={search_term_string}\"},\"query-input\":{\"@type\":\"PropertyValueSpecification\",\"valueRequired\":true,\"valueName\":\"search_term_string\"}}],\"inLanguage\":\"es\"},{\"@type\":\"Organization\",\"@id\":\"https:\\\/\\\/www.apexcapitalcorp.com\\\/es\\\/#organization\",\"name\":\"Apex Capital Corp\",\"alternateName\":\"Apex\",\"url\":\"https:\\\/\\\/www.apexcapitalcorp.com\\\/es\\\/\",\"logo\":{\"@type\":\"ImageObject\",\"inLanguage\":\"es\",\"@id\":\"https:\\\/\\\/www.apexcapitalcorp.com\\\/es\\\/#\\\/schema\\\/logo\\\/image\\\/\",\"url\":\"https:\\\/\\\/www.apexcapitalcorp.com\\\/wp-content\\\/uploads\\\/2023\\\/10\\\/Apex_LogoNoAFF_Online.png\",\"contentUrl\":\"https:\\\/\\\/www.apexcapitalcorp.com\\\/wp-content\\\/uploads\\\/2023\\\/10\\\/Apex_LogoNoAFF_Online.png\",\"width\":798,\"height\":322,\"caption\":\"Apex Capital Corp\"},\"image\":{\"@id\":\"https:\\\/\\\/www.apexcapitalcorp.com\\\/es\\\/#\\\/schema\\\/logo\\\/image\\\/\"},\"sameAs\":[\"https:\\\/\\\/www.facebook.com\\\/apexyourfreightbills\",\"https:\\\/\\\/www.instagram.com\\\/apexcapital\\\/\",\"https:\\\/\\\/www.linkedin.com\\\/company\\\/apex-capital-corp\\\/\"],\"description\":\"A premium factoring company that specializes in freight factoring, but also factors invoices for other industries like construction, manufacturing, staffing, freight brokers, and more.\",\"email\":\"info@apexcapitalcorp.com\",\"telephone\":\"8005116022\",\"legalName\":\"Apex Capital Corp\",\"foundingDate\":\"1996-11-01\",\"numberOfEmployees\":{\"@type\":\"QuantitativeValue\",\"minValue\":\"201\",\"maxValue\":\"500\"}}]}<\/script>\n<!-- \/ Yoast SEO Premium plugin. -->","yoast_head_json":{"title":"C\u00f3mo Elegir un Buen Nombre Para Su Empresa de Transporte | Apex Capital","description":"Elegir un nombre excelente para su empresa de transporte parece f\u00e1cil, pero encontrar ideas para nombrar su nueva empresa es m\u00e1s dif\u00edcil de lo que parece.","robots":{"index":"index","follow":"follow","max-snippet":"max-snippet:-1","max-image-preview":"max-image-preview:large","max-video-preview":"max-video-preview:-1"},"canonical":"https:\/\/www.apexcapitalcorp.com\/es\/autoridad\/como-elegir-un-buen-nombre-para-su-empresa-de-transporte\/","og_locale":"es_ES","og_type":"article","og_title":"C\u00f3mo Elegir un Buen Nombre para Su Empresa de Transporte","og_description":"Elegir un nombre excelente para su empresa de transporte parece f\u00e1cil, pero encontrar ideas para nombrar su nueva empresa es m\u00e1s dif\u00edcil de lo que parece.","og_url":"https:\/\/www.apexcapitalcorp.com\/es\/autoridad\/como-elegir-un-buen-nombre-para-su-empresa-de-transporte\/","og_site_name":"Apex Capital Factoring","article_publisher":"https:\/\/www.facebook.com\/apexyourfreightbills","article_modified_time":"2025-12-17T19:08:09+00:00","og_image":[{"width":1397,"height":881,"url":"https:\/\/www.apexcapitalcorp.com\/wp-content\/uploads\/2023\/09\/trucking-company.jpg","type":"image\/jpeg"}],"twitter_card":"summary_large_image","twitter_misc":{"Tiempo de lectura":"5 minutos"},"schema":{"@context":"https:\/\/schema.org","@graph":[{"@type":"WebPage","@id":"https:\/\/www.apexcapitalcorp.com\/es\/autoridad\/como-elegir-un-buen-nombre-para-su-empresa-de-transporte\/","url":"https:\/\/www.apexcapitalcorp.com\/es\/autoridad\/como-elegir-un-buen-nombre-para-su-empresa-de-transporte\/","name":"C\u00f3mo Elegir un Buen Nombre Para Su Empresa de Transporte | Apex Capital","isPartOf":{"@id":"https:\/\/www.apexcapitalcorp.com\/es\/#website"},"datePublished":"2023-10-06T15:09:32+00:00","dateModified":"2025-12-17T19:08:09+00:00","description":"Elegir un nombre excelente para su empresa de transporte parece f\u00e1cil, pero encontrar ideas para nombrar su nueva empresa es m\u00e1s dif\u00edcil de lo que parece.","breadcrumb":{"@id":"https:\/\/www.apexcapitalcorp.com\/es\/autoridad\/como-elegir-un-buen-nombre-para-su-empresa-de-transporte\/#breadcrumb"},"inLanguage":"es","potentialAction":[{"@type":"ReadAction","target":["https:\/\/www.apexcapitalcorp.com\/es\/autoridad\/como-elegir-un-buen-nombre-para-su-empresa-de-transporte\/"]}]},{"@type":"BreadcrumbList","@id":"https:\/\/www.apexcapitalcorp.com\/es\/autoridad\/como-elegir-un-buen-nombre-para-su-empresa-de-transporte\/#breadcrumb","itemListElement":[{"@type":"ListItem","position":1,"name":"Home","item":"https:\/\/www.apexcapitalcorp.com\/es\/"},{"@type":"ListItem","position":2,"name":"EL APEX STARTUP PROGRAM","item":"https:\/\/www.apexcapitalcorp.com\/es\/autoridad\/"},{"@type":"ListItem","position":3,"name":"C\u00f3mo Elegir un Buen Nombre para Su Empresa de Transporte"}]},{"@type":"WebSite","@id":"https:\/\/www.apexcapitalcorp.com\/es\/#website","url":"https:\/\/www.apexcapitalcorp.com\/es\/","name":"Apex Capital Factoring","description":"Freight Factoring, Fuel &amp; Authority for Trucking Companies","publisher":{"@id":"https:\/\/www.apexcapitalcorp.com\/es\/#organization"},"alternateName":"Apex Capital Corp","potentialAction":[{"@type":"SearchAction","target":{"@type":"EntryPoint","urlTemplate":"https:\/\/www.apexcapitalcorp.com\/es\/?s={search_term_string}"},"query-input":{"@type":"PropertyValueSpecification","valueRequired":true,"valueName":"search_term_string"}}],"inLanguage":"es"},{"@type":"Organization","@id":"https:\/\/www.apexcapitalcorp.com\/es\/#organization","name":"Apex Capital Corp","alternateName":"Apex","url":"https:\/\/www.apexcapitalcorp.com\/es\/","logo":{"@type":"ImageObject","inLanguage":"es","@id":"https:\/\/www.apexcapitalcorp.com\/es\/#\/schema\/logo\/image\/","url":"https:\/\/www.apexcapitalcorp.com\/wp-content\/uploads\/2023\/10\/Apex_LogoNoAFF_Online.png","contentUrl":"https:\/\/www.apexcapitalcorp.com\/wp-content\/uploads\/2023\/10\/Apex_LogoNoAFF_Online.png","width":798,"height":322,"caption":"Apex Capital Corp"},"image":{"@id":"https:\/\/www.apexcapitalcorp.com\/es\/#\/schema\/logo\/image\/"},"sameAs":["https:\/\/www.facebook.com\/apexyourfreightbills","https:\/\/www.instagram.com\/apexcapital\/","https:\/\/www.linkedin.com\/company\/apex-capital-corp\/"],"description":"A premium factoring company that specializes in freight factoring, but also factors invoices for other industries like construction, manufacturing, staffing, freight brokers, and more.","email":"info@apexcapitalcorp.com","telephone":"8005116022","legalName":"Apex Capital Corp","foundingDate":"1996-11-01","numberOfEmployees":{"@type":"QuantitativeValue","minValue":"201","maxValue":"500"}}]}},"_links":{"self":[{"href":"https:\/\/www.apexcapitalcorp.com\/es\/wp-json\/wp\/v2\/pages\/25574","targetHints":{"allow":["GET"]}}],"collection":[{"href":"https:\/\/www.apexcapitalcorp.com\/es\/wp-json\/wp\/v2\/pages"}],"about":[{"href":"https:\/\/www.apexcapitalcorp.com\/es\/wp-json\/wp\/v2\/types\/page"}],"author":[{"embeddable":true,"href":"https:\/\/www.apexcapitalcorp.com\/es\/wp-json\/wp\/v2\/users\/1"}],"replies":[{"embeddable":true,"href":"https:\/\/www.apexcapitalcorp.com\/es\/wp-json\/wp\/v2\/comments?post=25574"}],"version-history":[{"count":0,"href":"https:\/\/www.apexcapitalcorp.com\/es\/wp-json\/wp\/v2\/pages\/25574\/revisions"}],"up":[{"embeddable":true,"href":"https:\/\/www.apexcapitalcorp.com\/es\/wp-json\/wp\/v2\/pages\/23334"}],"wp:attachment":[{"href":"https:\/\/www.apexcapitalcorp.com\/es\/wp-json\/wp\/v2\/media?parent=25574"}],"curies":[{"name":"wp","href":"https:\/\/api.w.org\/{rel}","templated":true}]}}