{"id":24986,"date":"2023-09-25T15:03:06","date_gmt":"2023-09-25T15:03:06","guid":{"rendered":"https:\/\/apexx.agencypartnerinteractive.com\/?page_id=24986"},"modified":"2025-05-15T11:44:27","modified_gmt":"2025-05-15T16:44:27","slug":"resenas-de-factoraje","status":"publish","type":"page","link":"https:\/\/www.apexcapitalcorp.com\/es\/resenas-de-factoraje\/","title":{"rendered":"Rese\u00f1as de Factoraje de Capital de Apex"},"content":{"rendered":"<div class=\"wpb-content-wrapper\"><p>[vc_row][vc_column width=&#8221;1\/2&#8243;][vc_column_text]<\/p>\n<h2 class=\"section-heading-2 mb-20\">Lo que dicen las clientes de Apex<\/h2>\n<p class=\"mb-40\">En Apex, nos enorgullecemos de nuestro servicio al cliente de clase mundial. Lo vemos de esta manera: un cliente satisfecho conduce a una empresa de transporte exitosa. Y siempre queremos ayudar a las empresas de transporte por carretera a crecer y tener \u00e9xito. Por eso, compartimos con orgullo las rese\u00f1as y recomendaciones que nuestros clientes han publicado sobre nosotros. Si nuestros clientes se toman el tiempo de sus apretadas agendas para decir cu\u00e1nto les encanta hacer negocios con Apex, entonces definitivamente estamos haciendo algo bien.<\/p>\n<p><a class=\"theme-button-1 btn-dark-bg cta-es\" href=\"https:\/\/www.apexcapitalcorp.com\/apply\/\"><span class=\"\">Become Our Client Today!<\/span><\/a>[\/vc_column_text][\/vc_column][vc_column width=&#8221;1\/2&#8243;][vc_single_image image=&#8221;25200&#8243; img_size=&#8221;full&#8221; style=&#8221;vc_box_rounded&#8221;][\/vc_column][vc_column el_class=&#8221;mt-30&#8243;][vc_row_inner equal_height=&#8221;yes&#8221;][vc_column_inner width=&#8221;1\/3&#8243;][vc_column_text]<\/p>\n<div class=\"single-static-testimonial\">\n<p><img decoding=\"async\" src=\"\/wp-content\/uploads\/2023\/06\/Frame-109.png\" alt=\"stars\" \/><\/p>\n<p class=\"single-static-testimonial__content\">\u201cApex tiene una respuesta r\u00e1pida a las llamadas entrantes de atenci\u00f3n al cliente. Nunca espero m\u00e1s de 5 minutos para hablar con alguien. Los representantes est\u00e1n bien informados y siempre pueden responder todas nuestras preguntas. Son oportunos y hacen las cosas para ayudar a que su negocio siga funcionando. El portal del cliente es f\u00e1cil de usar y tiene un dise\u00f1o ordenado. Estoy muy contento con los productos que ofrecen, as\u00ed como con su tarjeta de combustible asociada TCS\u201d<\/p>\n<p class=\"single-static-testimonial__author\">Dana Schwartz<\/p>\n<p class=\"single-static-testimonial__source\">Fuente: Google<\/p>\n<\/div>\n<p>[\/vc_column_text][\/vc_column_inner][vc_column_inner width=&#8221;1\/3&#8243;][vc_column_text]<\/p>\n<div class=\"single-static-testimonial\">\n<p><img decoding=\"async\" src=\"\/wp-content\/uploads\/2023\/06\/Frame-109.png\" alt=\"stars\" \/><\/p>\n<p class=\"single-static-testimonial__content\">\u201cApex Capital Corporation es una empresa buena, honesta y digna de confianza. Mi empresa hace negocios con ellos desde hace 4 a\u00f1os. \u00a1La mejor decisi\u00f3n que tomamos es hacer negocios con Apex!<\/p>\n<p class=\"single-static-testimonial__author\">Chiweenie Express LLC<\/p>\n<p class=\"single-static-testimonial__source\">Fuente: BBB<\/p>\n<\/div>\n<p>[\/vc_column_text][\/vc_column_inner][vc_column_inner width=&#8221;1\/3&#8243;][vc_column_text]<\/p>\n<div class=\"single-static-testimonial\">\n<p><img decoding=\"async\" src=\"\/wp-content\/uploads\/2023\/06\/Frame-109.png\" alt=\"stars\" \/><\/p>\n<p class=\"single-static-testimonial__content\">\u201cEs muy f\u00e1cil trabajar con Apex. Todos los representantes son muy \u00fatiles y est\u00e1n bien informados. La facilidad para facturar y recibir pagos m\u00e1s r\u00e1pido es lo que hace que el servicio sea 5 estrellas. Los descuentos de TCS Fuel tambi\u00e9n son una gran ventaja.<\/p>\n<p class=\"single-static-testimonial__author\">Shawna Moreno<\/p>\n<p class=\"single-static-testimonial__source\">Fuente: Google<\/p>\n<\/div>\n<p>[\/vc_column_text][\/vc_column_inner][\/vc_row_inner][\/vc_column][\/vc_row][vc_row full_width=&#8221;stretch_row&#8221; css=&#8221;.vc_custom_1692652516664{background-color: #f8f8f8 !important;}&#8221; el_class=&#8221;mt-65 pt-65&#8243;][vc_column][vc_column_text]<\/p>\n<h2 class=\"mb-40 section-heading-1 text-center\">En la Web: Rese\u00f1as de Apex Factoring<\/h2>\n<h2><\/h2>\n<p>[\/vc_column_text][vc_raw_js]JTNDc2NyaXB0JTIwdHlwZSUzRCUyMnRleHQlMkZqYXZhc2NyaXB0JTIyJTIwc3JjJTNEJTIyaHR0cHMlM0ElMkYlMkZiaXJkZXllLmNvbSUyRmVtYmVkJTJGdjclMkYxNTYxNTYwOTk1MzI1MDklMkYzJTJGMTIzNDU2ODAyNDQxNSUyMiUyMGFzeW5jJTNFJTNDJTJGc2NyaXB0JTNFJTNDZGl2JTIwaWQlM0QlMjJiZi1yZXZ6LXdpZGdldC0xMjM0NTY4MDI0NDE1JTIyJTIwY2xhc3MlM0QlMjIlMjIlM0UlM0MlMkZkaXYlM0U=[\/vc_raw_js][vc_column_text el_class=&#8221;mb-65&#8243;]\n    <ul class=\"mt-50 mb-50 footer-reviews-icon d-flex justify-content-center list-unstyled\">\n      <a href=\"https:\/\/www.apexcapitalcorp.com\/apex-factoring-reviews\/\" target=\"_blank\">\n        <li><img decoding=\"async\" src=\"\/wp-content\/uploads\/2023\/08\/google-colored.png\" class=\"img-fluid\"><\/li>\n      <\/a>\n\t\t\t\n\t\t\t<a href=\"https:\/\/www.apexcapitalcorp.com\/apex-factoring-reviews\/\" target=\"_blank\">\n        <li><img decoding=\"async\" src=\"\/wp-content\/uploads\/2023\/08\/bbb-colored.png\" class=\"img-fluid\"><\/li>\n\t\t\t<\/a>\n    <\/ul>\n    [\/vc_column_text][\/vc_column][\/vc_row][vc_row el_class=&#8221;mt-65&#8243;][vc_column width=&#8221;1\/2&#8243;][vc_column_text]<\/p>\n<h2 class=\"section-heading-2 mb-20\">Gumfory Holdings LLC celebra un primer a\u00f1o exitoso<\/h2>\n<p class=\"mb-40\" style=\"font-size: 16px; line-height: 26px;\">Don y Stephanie Gumfory de Burleson, Texas, fundaron su empresa de transporte, Gumfory Holdings, a trav\u00e9s del Apex Startup Program. Ahora son excelentes clientes de factoring de Apex. Recientemente celebraron su primer a\u00f1o en el negocio y, como dice Don, &#8220;estamos bendecidos&#8221;. Ese a\u00f1o aprendieron a cultivar carriles exclusivos (transportar leche) y a estar abiertos a la flexibilidad (transportar acero y algod\u00f3n). Don mantuvo a Apex a su lado en cada paso del camino, desde ahorrar en tarifas iniciales porque Stephanie es una veterana hasta ahorrar mucho en di\u00e9sel con la tarjeta de combustible Apex TCS. Don, quien dej\u00f3 un puesto estable de conductor en la empresa con beneficios porque quer\u00eda ser su propio jefe, no ha mirado atr\u00e1s ni un poco. Est\u00e1 listo para trabajar para garantizar m\u00e1s celebraciones de Gumfory Holdings.<\/p>\n<p><a class=\"theme-button-1 btn-dark-bg cta-es\" href=\"https:\/\/www.apexcapitalcorp.com\/apply\/\"><span class=\"\">Become Our Client Today!<\/span><\/a>[\/vc_column_text][\/vc_column][vc_column width=&#8221;1\/2&#8243;][vc_single_image image=&#8221;25203&#8243; img_size=&#8221;full&#8221; style=&#8221;vc_box_rounded&#8221;][\/vc_column][\/vc_row][vc_row css=&#8221;.vc_custom_1687130065246{background-color: #415eab !important;border-radius: 10px !important;}&#8221; el_id=&#8221;veteran_wife_testimonial&#8221; el_class=&#8221;text-white&#8221;][vc_column][vc_column_text el_class=&#8221;text-center&#8221;]Como mi esposa es veterana, renunciaron a todas sus tarifas, por lo que b\u00e1sicamente nos cost\u00f3 muy, muy poco comenzar. Eso fue una bendici\u00f3n y nuevamente damos gracias a Dios por su servicio.[\/vc_column_text][\/vc_column][\/vc_row]<\/p>\n<\/div>","protected":false},"excerpt":{"rendered":"<p>[vc_row][vc_column width=&#8221;1\/2&#8243;][vc_column_text] Lo que dicen las clientes de Apex En Apex, nos enorgullecemos de nuestro servicio al cliente de clase mundial. Lo vemos de esta manera: un cliente satisfecho conduce a una empresa de transporte exitosa. Y siempre queremos ayudar a las empresas de transporte por carretera a crecer y tener \u00e9xito. Por eso, compartimos [&hellip;]<\/p>\n","protected":false},"author":1,"featured_media":0,"parent":0,"menu_order":0,"comment_status":"closed","ping_status":"closed","template":"","meta":{"_acf_changed":false,"inline_featured_image":false,"footnotes":""},"class_list":["post-24986","page","type-page","status-publish","hentry"],"acf":[],"yoast_head":"<!-- This site is optimized with the Yoast SEO Premium plugin v27.6 (Yoast SEO v27.6) - https:\/\/yoast.com\/product\/yoast-seo-premium-wordpress\/ -->\n<title>Rese\u00f1as y Opiniones sobre el Factoraje de Capital Apex<\/title>\n<meta name=\"description\" content=\"Lea nuestras rese\u00f1as de factoraje de carga de Apex para descubrir c\u00f3mo apoyamos a nuestros clientes con un servicio de primera.\" \/>\n<meta name=\"robots\" content=\"index, follow, max-snippet:-1, max-image-preview:large, max-video-preview:-1\" \/>\n<link rel=\"canonical\" href=\"https:\/\/www.apexcapitalcorp.com\/es\/resenas-de-factoraje\/\" \/>\n<meta property=\"og:locale\" content=\"es_ES\" \/>\n<meta property=\"og:type\" content=\"article\" \/>\n<meta property=\"og:title\" content=\"Rese\u00f1as de Factoraje de Capital de Apex\" \/>\n<meta property=\"og:description\" content=\"Lea nuestras rese\u00f1as de factoraje de carga de Apex para descubrir c\u00f3mo apoyamos a nuestros clientes con un servicio de primera.\" \/>\n<meta property=\"og:url\" content=\"https:\/\/www.apexcapitalcorp.com\/es\/resenas-de-factoraje\/\" \/>\n<meta property=\"og:site_name\" content=\"Apex Capital Factoring\" \/>\n<meta property=\"article:publisher\" content=\"https:\/\/www.facebook.com\/apexyourfreightbills\" \/>\n<meta property=\"article:modified_time\" content=\"2025-05-15T16:44:27+00:00\" \/>\n<meta property=\"og:image\" content=\"https:\/\/www.apexcapitalcorp.com\/wp-content\/uploads\/2023\/09\/trucking-company.jpg\" \/>\n\t<meta property=\"og:image:width\" content=\"1397\" \/>\n\t<meta property=\"og:image:height\" content=\"881\" \/>\n\t<meta property=\"og:image:type\" content=\"image\/jpeg\" \/>\n<meta name=\"twitter:card\" content=\"summary_large_image\" \/>\n<meta name=\"twitter:label1\" content=\"Tiempo de lectura\" \/>\n\t<meta name=\"twitter:data1\" content=\"3 minutos\" \/>\n<script type=\"application\/ld+json\" class=\"yoast-schema-graph\">{\"@context\":\"https:\\\/\\\/schema.org\",\"@graph\":[{\"@type\":\"WebPage\",\"@id\":\"https:\\\/\\\/www.apexcapitalcorp.com\\\/es\\\/resenas-de-factoraje\\\/\",\"url\":\"https:\\\/\\\/www.apexcapitalcorp.com\\\/es\\\/resenas-de-factoraje\\\/\",\"name\":\"Rese\u00f1as y Opiniones sobre el Factoraje de Capital Apex\",\"isPartOf\":{\"@id\":\"https:\\\/\\\/www.apexcapitalcorp.com\\\/es\\\/#website\"},\"datePublished\":\"2023-09-25T15:03:06+00:00\",\"dateModified\":\"2025-05-15T16:44:27+00:00\",\"description\":\"Lea nuestras rese\u00f1as de factoraje de carga de Apex para descubrir c\u00f3mo apoyamos a nuestros clientes con un servicio de primera.\",\"breadcrumb\":{\"@id\":\"https:\\\/\\\/www.apexcapitalcorp.com\\\/es\\\/resenas-de-factoraje\\\/#breadcrumb\"},\"inLanguage\":\"es\",\"potentialAction\":[{\"@type\":\"ReadAction\",\"target\":[\"https:\\\/\\\/www.apexcapitalcorp.com\\\/es\\\/resenas-de-factoraje\\\/\"]}]},{\"@type\":\"BreadcrumbList\",\"@id\":\"https:\\\/\\\/www.apexcapitalcorp.com\\\/es\\\/resenas-de-factoraje\\\/#breadcrumb\",\"itemListElement\":[{\"@type\":\"ListItem\",\"position\":1,\"name\":\"Home\",\"item\":\"https:\\\/\\\/www.apexcapitalcorp.com\\\/es\\\/\"},{\"@type\":\"ListItem\",\"position\":2,\"name\":\"Rese\u00f1as de Factoraje de Capital de Apex\"}]},{\"@type\":\"WebSite\",\"@id\":\"https:\\\/\\\/www.apexcapitalcorp.com\\\/es\\\/#website\",\"url\":\"https:\\\/\\\/www.apexcapitalcorp.com\\\/es\\\/\",\"name\":\"Apex Capital Factoring\",\"description\":\"Freight Factoring, Fuel &amp; Authority for Trucking Companies\",\"publisher\":{\"@id\":\"https:\\\/\\\/www.apexcapitalcorp.com\\\/es\\\/#organization\"},\"alternateName\":\"Apex Capital Corp\",\"potentialAction\":[{\"@type\":\"SearchAction\",\"target\":{\"@type\":\"EntryPoint\",\"urlTemplate\":\"https:\\\/\\\/www.apexcapitalcorp.com\\\/es\\\/?s={search_term_string}\"},\"query-input\":{\"@type\":\"PropertyValueSpecification\",\"valueRequired\":true,\"valueName\":\"search_term_string\"}}],\"inLanguage\":\"es\"},{\"@type\":\"Organization\",\"@id\":\"https:\\\/\\\/www.apexcapitalcorp.com\\\/es\\\/#organization\",\"name\":\"Apex Capital Corp\",\"alternateName\":\"Apex\",\"url\":\"https:\\\/\\\/www.apexcapitalcorp.com\\\/es\\\/\",\"logo\":{\"@type\":\"ImageObject\",\"inLanguage\":\"es\",\"@id\":\"https:\\\/\\\/www.apexcapitalcorp.com\\\/es\\\/#\\\/schema\\\/logo\\\/image\\\/\",\"url\":\"https:\\\/\\\/www.apexcapitalcorp.com\\\/wp-content\\\/uploads\\\/2023\\\/10\\\/Apex_LogoNoAFF_Online.png\",\"contentUrl\":\"https:\\\/\\\/www.apexcapitalcorp.com\\\/wp-content\\\/uploads\\\/2023\\\/10\\\/Apex_LogoNoAFF_Online.png\",\"width\":798,\"height\":322,\"caption\":\"Apex Capital Corp\"},\"image\":{\"@id\":\"https:\\\/\\\/www.apexcapitalcorp.com\\\/es\\\/#\\\/schema\\\/logo\\\/image\\\/\"},\"sameAs\":[\"https:\\\/\\\/www.facebook.com\\\/apexyourfreightbills\",\"https:\\\/\\\/www.instagram.com\\\/apexcapital\\\/\",\"https:\\\/\\\/www.linkedin.com\\\/company\\\/apex-capital-corp\\\/\"],\"description\":\"A premium factoring company that specializes in freight factoring, but also factors invoices for other industries like construction, manufacturing, staffing, freight brokers, and more.\",\"email\":\"info@apexcapitalcorp.com\",\"telephone\":\"8005116022\",\"legalName\":\"Apex Capital Corp\",\"foundingDate\":\"1996-11-01\",\"numberOfEmployees\":{\"@type\":\"QuantitativeValue\",\"minValue\":\"201\",\"maxValue\":\"500\"}}]}<\/script>\n<!-- \/ Yoast SEO Premium plugin. -->","yoast_head_json":{"title":"Rese\u00f1as y Opiniones sobre el Factoraje de Capital Apex","description":"Lea nuestras rese\u00f1as de factoraje de carga de Apex para descubrir c\u00f3mo apoyamos a nuestros clientes con un servicio de primera.","robots":{"index":"index","follow":"follow","max-snippet":"max-snippet:-1","max-image-preview":"max-image-preview:large","max-video-preview":"max-video-preview:-1"},"canonical":"https:\/\/www.apexcapitalcorp.com\/es\/resenas-de-factoraje\/","og_locale":"es_ES","og_type":"article","og_title":"Rese\u00f1as de Factoraje de Capital de Apex","og_description":"Lea nuestras rese\u00f1as de factoraje de carga de Apex para descubrir c\u00f3mo apoyamos a nuestros clientes con un servicio de primera.","og_url":"https:\/\/www.apexcapitalcorp.com\/es\/resenas-de-factoraje\/","og_site_name":"Apex Capital Factoring","article_publisher":"https:\/\/www.facebook.com\/apexyourfreightbills","article_modified_time":"2025-05-15T16:44:27+00:00","og_image":[{"width":1397,"height":881,"url":"https:\/\/www.apexcapitalcorp.com\/wp-content\/uploads\/2023\/09\/trucking-company.jpg","type":"image\/jpeg"}],"twitter_card":"summary_large_image","twitter_misc":{"Tiempo de lectura":"3 minutos"},"schema":{"@context":"https:\/\/schema.org","@graph":[{"@type":"WebPage","@id":"https:\/\/www.apexcapitalcorp.com\/es\/resenas-de-factoraje\/","url":"https:\/\/www.apexcapitalcorp.com\/es\/resenas-de-factoraje\/","name":"Rese\u00f1as y Opiniones sobre el Factoraje de Capital Apex","isPartOf":{"@id":"https:\/\/www.apexcapitalcorp.com\/es\/#website"},"datePublished":"2023-09-25T15:03:06+00:00","dateModified":"2025-05-15T16:44:27+00:00","description":"Lea nuestras rese\u00f1as de factoraje de carga de Apex para descubrir c\u00f3mo apoyamos a nuestros clientes con un servicio de primera.","breadcrumb":{"@id":"https:\/\/www.apexcapitalcorp.com\/es\/resenas-de-factoraje\/#breadcrumb"},"inLanguage":"es","potentialAction":[{"@type":"ReadAction","target":["https:\/\/www.apexcapitalcorp.com\/es\/resenas-de-factoraje\/"]}]},{"@type":"BreadcrumbList","@id":"https:\/\/www.apexcapitalcorp.com\/es\/resenas-de-factoraje\/#breadcrumb","itemListElement":[{"@type":"ListItem","position":1,"name":"Home","item":"https:\/\/www.apexcapitalcorp.com\/es\/"},{"@type":"ListItem","position":2,"name":"Rese\u00f1as de Factoraje de Capital de Apex"}]},{"@type":"WebSite","@id":"https:\/\/www.apexcapitalcorp.com\/es\/#website","url":"https:\/\/www.apexcapitalcorp.com\/es\/","name":"Apex Capital Factoring","description":"Freight Factoring, Fuel &amp; Authority for Trucking Companies","publisher":{"@id":"https:\/\/www.apexcapitalcorp.com\/es\/#organization"},"alternateName":"Apex Capital Corp","potentialAction":[{"@type":"SearchAction","target":{"@type":"EntryPoint","urlTemplate":"https:\/\/www.apexcapitalcorp.com\/es\/?s={search_term_string}"},"query-input":{"@type":"PropertyValueSpecification","valueRequired":true,"valueName":"search_term_string"}}],"inLanguage":"es"},{"@type":"Organization","@id":"https:\/\/www.apexcapitalcorp.com\/es\/#organization","name":"Apex Capital Corp","alternateName":"Apex","url":"https:\/\/www.apexcapitalcorp.com\/es\/","logo":{"@type":"ImageObject","inLanguage":"es","@id":"https:\/\/www.apexcapitalcorp.com\/es\/#\/schema\/logo\/image\/","url":"https:\/\/www.apexcapitalcorp.com\/wp-content\/uploads\/2023\/10\/Apex_LogoNoAFF_Online.png","contentUrl":"https:\/\/www.apexcapitalcorp.com\/wp-content\/uploads\/2023\/10\/Apex_LogoNoAFF_Online.png","width":798,"height":322,"caption":"Apex Capital Corp"},"image":{"@id":"https:\/\/www.apexcapitalcorp.com\/es\/#\/schema\/logo\/image\/"},"sameAs":["https:\/\/www.facebook.com\/apexyourfreightbills","https:\/\/www.instagram.com\/apexcapital\/","https:\/\/www.linkedin.com\/company\/apex-capital-corp\/"],"description":"A premium factoring company that specializes in freight factoring, but also factors invoices for other industries like construction, manufacturing, staffing, freight brokers, and more.","email":"info@apexcapitalcorp.com","telephone":"8005116022","legalName":"Apex Capital Corp","foundingDate":"1996-11-01","numberOfEmployees":{"@type":"QuantitativeValue","minValue":"201","maxValue":"500"}}]}},"_links":{"self":[{"href":"https:\/\/www.apexcapitalcorp.com\/es\/wp-json\/wp\/v2\/pages\/24986","targetHints":{"allow":["GET"]}}],"collection":[{"href":"https:\/\/www.apexcapitalcorp.com\/es\/wp-json\/wp\/v2\/pages"}],"about":[{"href":"https:\/\/www.apexcapitalcorp.com\/es\/wp-json\/wp\/v2\/types\/page"}],"author":[{"embeddable":true,"href":"https:\/\/www.apexcapitalcorp.com\/es\/wp-json\/wp\/v2\/users\/1"}],"replies":[{"embeddable":true,"href":"https:\/\/www.apexcapitalcorp.com\/es\/wp-json\/wp\/v2\/comments?post=24986"}],"version-history":[{"count":0,"href":"https:\/\/www.apexcapitalcorp.com\/es\/wp-json\/wp\/v2\/pages\/24986\/revisions"}],"wp:attachment":[{"href":"https:\/\/www.apexcapitalcorp.com\/es\/wp-json\/wp\/v2\/media?parent=24986"}],"curies":[{"name":"wp","href":"https:\/\/api.w.org\/{rel}","templated":true}]}}