{"id":24750,"date":"2023-05-31T20:25:36","date_gmt":"2023-06-01T01:25:36","guid":{"rendered":"https:\/\/apexx.agencypartnerinteractive.com\/politica-de-privacidad\/"},"modified":"2026-03-25T14:36:55","modified_gmt":"2026-03-25T19:36:55","slug":"politica-de-privacidad","status":"publish","type":"page","link":"https:\/\/www.apexcapitalcorp.com\/es\/politica-de-privacidad\/","title":{"rendered":"Pol\u00edtica de Privacidad"},"content":{"rendered":"<h2 class=\"section-heading-2\">Nuestro compromiso con la privacidad<\/h2>\n<p>En el curso de nuestra actividad, accedemos a informaci\u00f3n comercial y financiera de nuestros clientes y posibles clientes, incluida la informaci\u00f3n personal de las personas que los controlan o que son sus propietarios. Nos comprometemos a mantener la confidencialidad de esa informaci\u00f3n. Recopilamos, conservamos, utilizamos y compartimos informaci\u00f3n sobre nuestros clientes, clientes potenciales y sus personas de control s\u00f3lo cuando creemos razonablemente que ayudar\u00e1 a administrar nuestro negocio o a proporcionar servicios y otras oportunidades a nuestros clientes. No vendemos ni compartimos listas de clientes, posibles clientes o antiguos clientes ni informaci\u00f3n personal con intermediarios de listas, empresas de marketing u otros terceros para sus propios fines de marketing.<\/p>\n<div class=\"pp-section-breaker\"><\/div>\n<h2 class=\"section-heading-2\">Recogida de informaci\u00f3n<\/h2>\n<p>Recopilamos informaci\u00f3n personal y no personal de diversas fuentes, entre ellas:<\/p>\n<ul>\n<li>Directamente de las solicitudes de cuentas, cuestionarios y otros materiales que se nos env\u00edan;<\/li>\n<li>De las transacciones en las que participamos nosotros y los clientes;<\/li>\n<li>De la actividad de clics en nuestros sitios web (incluido el uso de &#8220;cookies&#8221; o &#8220;balizas web&#8221;, como se explica a continuaci\u00f3n); y<\/li>\n<li>De diversas fuentes de terceros, como deudores de cuentas, repositorios gubernamentales, agencias de informes de consumidores e instituciones financieras.<\/li>\n<\/ul>\n<div class=\"pp-section-breaker\"><\/div>\n<h2 class=\"section-heading-2\">Uso de cookies y balizas web<\/h2>\n<p>Una &#8220;cookie&#8221; es un peque\u00f1o archivo de texto colocado en el disco duro de su ordenador por un servidor web y que es reconocido por su navegador web. Las &#8220;balizas web&#8221; son im\u00e1genes electr\u00f3nicas transparentes colocadas en el c\u00f3digo web, tambi\u00e9n llamadas &#8220;GIF transparentes&#8221; o &#8220;Web bugs&#8221;. Utilizamos cookies y\/o balizas web para diversos fines, entre los que se incluyen los siguientes:<\/p>\n<ul>\n<li>Para ayudarnos a prestarle nuestros servicios;<\/li>\n<li>Para permitirle cambiar de p\u00e1gina durante su visita a nuestro sitio web sin tener que volver a introducir repetidamente su contrase\u00f1a;<\/li>\n<li>Para realizar un seguimiento de la actividad en nuestro sitio web;<\/li>\n<li>Para determinar si ha llegado a nuestro sitio desde un anuncio publicitario o un sitio web afiliado.<\/li>\n<li>Para mostrarle anuncios en este y otros sitios web. Normalmente, puede configurar par\u00e1metros en su ordenador que le permitan optar por aceptar cookies o hacer que su navegador le avise cada vez que se le ofrezca una cookie. Por lo general, tambi\u00e9n puede eliminar las cookies de su disco duro. Las instrucciones sobre c\u00f3mo aceptar cookies, sobre c\u00f3mo ser notificado de que se est\u00e1 ofreciendo una cookie y sobre c\u00f3mo eliminar cookies est\u00e1n disponibles a trav\u00e9s de su navegador de Internet.<\/li>\n<\/ul>\n<div class=\"pp-section-breaker\"><\/div>\n<h2 class=\"section-heading-2\">Divulgaci\u00f3n de informaci\u00f3n<\/h2>\n<p>Hay algunas divulgaciones a terceros que debemos hacer, como las divulgaciones necesarias para efectuar, administrar o hacer cumplir una transacci\u00f3n solicitada por usted, a empresas que prestan servicios para nosotros o para prevenir el fraude. Dichas divulgaciones pueden consistir en lo siguiente:<\/p>\n<ul>\n<li>Informaci\u00f3n financiera que describe la situaci\u00f3n financiera de un cliente o persona;<\/li>\n<li>Informaci\u00f3n de identificaci\u00f3n, como nombre y direcci\u00f3n;<\/li>\n<li>Informaci\u00f3n sobre transacciones, como actividad de la cuenta, actividad de d\u00e9bito o actividad de cr\u00e9dito.<\/li>\n<li>Otra informaci\u00f3n relativa a asuntos financieros.<\/li>\n<\/ul>\n<div class=\"pp-section-breaker\"><\/div>\n<h2 class=\"section-heading-2\">Destinatarios de la informaci\u00f3n<\/h2>\n<p>Podemos revelar informaci\u00f3n confidencial a:<\/p>\n<ul>\n<li>Instituciones financieras, como bancos;<\/li>\n<li>Empresas que procesan transacciones o prestan otros servicios para nosotros; y<\/li>\n<li>Agencias gubernamentales.<\/li>\n<\/ul>\n<p>Adem\u00e1s, en virtud de la legislaci\u00f3n federal, estamos autorizados a revelar informaci\u00f3n confidencial a determinados destinatarios, como empresas de informes crediticios.<\/p>\n<div class=\"pp-section-breaker\"><\/div>\n<h2 class=\"section-heading-2\">Acceso de empleados, proveedores y contratistas a la informaci\u00f3n<\/h2>\n<p>Limitamos el acceso a la informaci\u00f3n confidencial a nuestros empleados que la necesitan para cumplir con sus responsabilidades empresariales. Los empleados deben respetar nuestras pol\u00edticas de privacidad. Los empleados que infrinjan estas pol\u00edticas pueden ser objeto de medidas disciplinarias, incluido el despido. Los proveedores y otros contratistas externos que contratamos est\u00e1n sujetos a nuestros requisitos contractuales para garantizar la protecci\u00f3n de la informaci\u00f3n confidencial sensible.<\/p>\n<div class=\"pp-section-breaker\"><\/div>\n<h2 class=\"section-heading-2\">Utilizamos medidas de seguridad adecuadas<\/h2>\n<p>La seguridad es una prioridad en Apex. Empleamos medidas apropiadas para proteger la informaci\u00f3n confidencial contra el acceso, la divulgaci\u00f3n, la alteraci\u00f3n o la destrucci\u00f3n no autorizados. Estas pueden incluir, entre otras, la encriptaci\u00f3n, la seguridad de acceso f\u00edsico y otras tecnolog\u00edas apropiadas. Revisamos y mejoramos continuamente nuestros sistemas de seguridad, seg\u00fan sea necesario.<\/p>\n<div class=\"pp-section-breaker\"><\/div>\n<h2 class=\"section-heading-2\">Mantenemos procedimientos para garantizar la calidad de la informaci\u00f3n<\/h2>\n<p>Empleamos las medidas adecuadas para garantizar la calidad de la informaci\u00f3n que recopilamos. Permitimos que los clientes, posibles clientes, personas de control y otras personas con las que hacemos negocios impugnen o corrijan cualquier informaci\u00f3n err\u00f3nea o no actualizada. Puede corregir errores de hecho en su informaci\u00f3n de identificaci\u00f3n personal envi\u00e1ndonos una solicitud por escrito que muestre el error de forma cre\u00edble. Ll\u00e1menos al 817-332-7300 para m\u00e1s detalles. Nos reservamos el derecho a verificar de forma independiente las afirmaciones realizadas. Para proteger su privacidad y seguridad, tambi\u00e9n tomaremos medidas razonables para verificar su identidad antes de realizar correcciones. Nos reservamos el derecho a cobrar un cargo de servicio por facilitarle cualquier informaci\u00f3n relacionada con su solicitud.<\/p>\n<ul>\n<li>Nuestro sitio web no est\u00e1 dirigido a menores de 13 a\u00f1os<\/li>\n<li>Nuestro sitio web no est\u00e1 dirigido a ni\u00f1os menores de 13 a\u00f1os y no recopilamos ni mantenemos informaci\u00f3n en nuestro sitio web de aquellos que realmente sabemos que son menores de 13 a\u00f1os.<\/li>\n<li>Nuestro sitio web puede estar vinculado a otros sitios web<\/li>\n<li>Podemos crear enlaces a sitios web de terceros. No somos responsables del contenido ni de las pr\u00e1cticas de privacidad empleadas por los sitios web enlazados desde el nuestro.<\/li>\n<\/ul>\n<div class=\"pp-section-breaker\"><\/div>\n<h2 class=\"section-heading-2\">Correos electr\u00f3nicos y faxes de marketing con autorizaci\u00f3n<\/h2>\n<p>Adem\u00e1s de las comunicaciones necesarias como parte del servicio que le prestamos, ocasionalmente recibir\u00e1 informaci\u00f3n sobre productos, servicios u ofertas especiales. Tambi\u00e9n podemos enviarle un bolet\u00edn por correo electr\u00f3nico o fax. Si no desea seguir recibiendo nuestro bolet\u00edn de noticias por correo electr\u00f3nico o comunicaciones promocionales por correo electr\u00f3nico o fax, puede indicarlo poni\u00e9ndose en contacto con nosotros por correo electr\u00f3nico en marketing@apexcaptialcorp.com o llamando al 817-332-7300.<\/p>\n<div class=\"pp-section-breaker\"><\/div>\n<h2 class=\"section-heading-2\">Nos hacemos responsables de nuestras pol\u00edticas de privacidad<\/h2>\n<p class=\"mb-0\">Si tiene alguna pregunta o comentario sobre nuestra pol\u00edtica de privacidad o por alguna raz\u00f3n cree que no la hemos respetado, p\u00f3ngase en contacto con nosotros en el 817-332-7300. Nos reservamos el derecho de enmendar o modificar nuestra pol\u00edtica de privacidad de vez en cuando. Le instamos a que revise esta pol\u00edtica de privacidad cada vez que visite nuestro sitio web para obtener la versi\u00f3n m\u00e1s actualizada.<\/p>\n","protected":false},"excerpt":{"rendered":"<p>Nuestro compromiso con la privacidad En el curso de nuestra actividad, accedemos a informaci\u00f3n comercial y financiera de nuestros clientes y posibles clientes, incluida la informaci\u00f3n personal de las personas que los controlan o que son sus propietarios. Nos comprometemos a mantener la confidencialidad de esa informaci\u00f3n. Recopilamos, conservamos, utilizamos y compartimos informaci\u00f3n sobre nuestros [&hellip;]<\/p>\n","protected":false},"author":1,"featured_media":0,"parent":0,"menu_order":0,"comment_status":"closed","ping_status":"closed","template":"","meta":{"_acf_changed":false,"inline_featured_image":false,"footnotes":""},"class_list":["post-24750","page","type-page","status-publish","hentry"],"acf":[],"yoast_head":"<!-- This site is optimized with the Yoast SEO Premium plugin v27.4 (Yoast SEO v27.4) - https:\/\/yoast.com\/product\/yoast-seo-premium-wordpress\/ -->\n<title>Pol\u00edtica de Privacidad | Apex Capital Factoring<\/title>\n<meta name=\"description\" content=\"Descubra c\u00f3mo Apex Capital protege su privacidad con pol\u00edticas seguras para recopilar, usar y proteger su informaci\u00f3n.\" \/>\n<meta name=\"robots\" content=\"index, follow, max-snippet:-1, max-image-preview:large, max-video-preview:-1\" \/>\n<link rel=\"canonical\" href=\"https:\/\/www.apexcapitalcorp.com\/es\/politica-de-privacidad\/\" \/>\n<meta property=\"og:locale\" content=\"es_ES\" \/>\n<meta property=\"og:type\" content=\"article\" \/>\n<meta property=\"og:title\" content=\"Pol\u00edtica de Privacidad\" \/>\n<meta property=\"og:description\" content=\"Descubra c\u00f3mo Apex Capital protege su privacidad con pol\u00edticas seguras para recopilar, usar y proteger su informaci\u00f3n.\" \/>\n<meta property=\"og:url\" content=\"https:\/\/www.apexcapitalcorp.com\/es\/politica-de-privacidad\/\" \/>\n<meta property=\"og:site_name\" content=\"Apex Capital Factoring\" \/>\n<meta property=\"article:publisher\" content=\"https:\/\/www.facebook.com\/apexyourfreightbills\" \/>\n<meta property=\"article:modified_time\" content=\"2026-03-25T19:36:55+00:00\" \/>\n<meta property=\"og:image\" content=\"https:\/\/www.apexcapitalcorp.com\/wp-content\/uploads\/2023\/09\/trucking-company.jpg\" \/>\n\t<meta property=\"og:image:width\" content=\"1397\" \/>\n\t<meta property=\"og:image:height\" content=\"881\" \/>\n\t<meta property=\"og:image:type\" content=\"image\/jpeg\" \/>\n<meta name=\"twitter:card\" content=\"summary_large_image\" \/>\n<meta name=\"twitter:label1\" content=\"Tiempo de lectura\" \/>\n\t<meta name=\"twitter:data1\" content=\"5 minutos\" \/>\n<script type=\"application\/ld+json\" class=\"yoast-schema-graph\">{\"@context\":\"https:\\\/\\\/schema.org\",\"@graph\":[{\"@type\":\"WebPage\",\"@id\":\"https:\\\/\\\/www.apexcapitalcorp.com\\\/es\\\/politica-de-privacidad\\\/\",\"url\":\"https:\\\/\\\/www.apexcapitalcorp.com\\\/es\\\/politica-de-privacidad\\\/\",\"name\":\"Pol\u00edtica de Privacidad | Apex Capital Factoring\",\"isPartOf\":{\"@id\":\"https:\\\/\\\/www.apexcapitalcorp.com\\\/es\\\/#website\"},\"datePublished\":\"2023-06-01T01:25:36+00:00\",\"dateModified\":\"2026-03-25T19:36:55+00:00\",\"description\":\"Descubra c\u00f3mo Apex Capital protege su privacidad con pol\u00edticas seguras para recopilar, usar y proteger su informaci\u00f3n.\",\"breadcrumb\":{\"@id\":\"https:\\\/\\\/www.apexcapitalcorp.com\\\/es\\\/politica-de-privacidad\\\/#breadcrumb\"},\"inLanguage\":\"es\",\"potentialAction\":[{\"@type\":\"ReadAction\",\"target\":[\"https:\\\/\\\/www.apexcapitalcorp.com\\\/es\\\/politica-de-privacidad\\\/\"]}]},{\"@type\":\"BreadcrumbList\",\"@id\":\"https:\\\/\\\/www.apexcapitalcorp.com\\\/es\\\/politica-de-privacidad\\\/#breadcrumb\",\"itemListElement\":[{\"@type\":\"ListItem\",\"position\":1,\"name\":\"Home\",\"item\":\"https:\\\/\\\/www.apexcapitalcorp.com\\\/es\\\/\"},{\"@type\":\"ListItem\",\"position\":2,\"name\":\"Pol\u00edtica de Privacidad\"}]},{\"@type\":\"WebSite\",\"@id\":\"https:\\\/\\\/www.apexcapitalcorp.com\\\/es\\\/#website\",\"url\":\"https:\\\/\\\/www.apexcapitalcorp.com\\\/es\\\/\",\"name\":\"Apex Capital Factoring\",\"description\":\"Freight Factoring, Fuel &amp; Authority for Trucking Companies\",\"publisher\":{\"@id\":\"https:\\\/\\\/www.apexcapitalcorp.com\\\/es\\\/#organization\"},\"alternateName\":\"Apex Capital Corp\",\"potentialAction\":[{\"@type\":\"SearchAction\",\"target\":{\"@type\":\"EntryPoint\",\"urlTemplate\":\"https:\\\/\\\/www.apexcapitalcorp.com\\\/es\\\/?s={search_term_string}\"},\"query-input\":{\"@type\":\"PropertyValueSpecification\",\"valueRequired\":true,\"valueName\":\"search_term_string\"}}],\"inLanguage\":\"es\"},{\"@type\":\"Organization\",\"@id\":\"https:\\\/\\\/www.apexcapitalcorp.com\\\/es\\\/#organization\",\"name\":\"Apex Capital Corp\",\"alternateName\":\"Apex\",\"url\":\"https:\\\/\\\/www.apexcapitalcorp.com\\\/es\\\/\",\"logo\":{\"@type\":\"ImageObject\",\"inLanguage\":\"es\",\"@id\":\"https:\\\/\\\/www.apexcapitalcorp.com\\\/es\\\/#\\\/schema\\\/logo\\\/image\\\/\",\"url\":\"https:\\\/\\\/www.apexcapitalcorp.com\\\/wp-content\\\/uploads\\\/2023\\\/10\\\/Apex_LogoNoAFF_Online.png\",\"contentUrl\":\"https:\\\/\\\/www.apexcapitalcorp.com\\\/wp-content\\\/uploads\\\/2023\\\/10\\\/Apex_LogoNoAFF_Online.png\",\"width\":798,\"height\":322,\"caption\":\"Apex Capital Corp\"},\"image\":{\"@id\":\"https:\\\/\\\/www.apexcapitalcorp.com\\\/es\\\/#\\\/schema\\\/logo\\\/image\\\/\"},\"sameAs\":[\"https:\\\/\\\/www.facebook.com\\\/apexyourfreightbills\",\"https:\\\/\\\/www.instagram.com\\\/apexcapital\\\/\",\"https:\\\/\\\/www.linkedin.com\\\/company\\\/apex-capital-corp\\\/\"],\"description\":\"A premium factoring company that specializes in freight factoring, but also factors invoices for other industries like construction, manufacturing, staffing, freight brokers, and more.\",\"email\":\"info@apexcapitalcorp.com\",\"telephone\":\"8005116022\",\"legalName\":\"Apex Capital Corp\",\"foundingDate\":\"1996-11-01\",\"numberOfEmployees\":{\"@type\":\"QuantitativeValue\",\"minValue\":\"201\",\"maxValue\":\"500\"}}]}<\/script>\n<!-- \/ Yoast SEO Premium plugin. -->","yoast_head_json":{"title":"Pol\u00edtica de Privacidad | Apex Capital Factoring","description":"Descubra c\u00f3mo Apex Capital protege su privacidad con pol\u00edticas seguras para recopilar, usar y proteger su informaci\u00f3n.","robots":{"index":"index","follow":"follow","max-snippet":"max-snippet:-1","max-image-preview":"max-image-preview:large","max-video-preview":"max-video-preview:-1"},"canonical":"https:\/\/www.apexcapitalcorp.com\/es\/politica-de-privacidad\/","og_locale":"es_ES","og_type":"article","og_title":"Pol\u00edtica de Privacidad","og_description":"Descubra c\u00f3mo Apex Capital protege su privacidad con pol\u00edticas seguras para recopilar, usar y proteger su informaci\u00f3n.","og_url":"https:\/\/www.apexcapitalcorp.com\/es\/politica-de-privacidad\/","og_site_name":"Apex Capital Factoring","article_publisher":"https:\/\/www.facebook.com\/apexyourfreightbills","article_modified_time":"2026-03-25T19:36:55+00:00","og_image":[{"width":1397,"height":881,"url":"https:\/\/www.apexcapitalcorp.com\/wp-content\/uploads\/2023\/09\/trucking-company.jpg","type":"image\/jpeg"}],"twitter_card":"summary_large_image","twitter_misc":{"Tiempo de lectura":"5 minutos"},"schema":{"@context":"https:\/\/schema.org","@graph":[{"@type":"WebPage","@id":"https:\/\/www.apexcapitalcorp.com\/es\/politica-de-privacidad\/","url":"https:\/\/www.apexcapitalcorp.com\/es\/politica-de-privacidad\/","name":"Pol\u00edtica de Privacidad | Apex Capital Factoring","isPartOf":{"@id":"https:\/\/www.apexcapitalcorp.com\/es\/#website"},"datePublished":"2023-06-01T01:25:36+00:00","dateModified":"2026-03-25T19:36:55+00:00","description":"Descubra c\u00f3mo Apex Capital protege su privacidad con pol\u00edticas seguras para recopilar, usar y proteger su informaci\u00f3n.","breadcrumb":{"@id":"https:\/\/www.apexcapitalcorp.com\/es\/politica-de-privacidad\/#breadcrumb"},"inLanguage":"es","potentialAction":[{"@type":"ReadAction","target":["https:\/\/www.apexcapitalcorp.com\/es\/politica-de-privacidad\/"]}]},{"@type":"BreadcrumbList","@id":"https:\/\/www.apexcapitalcorp.com\/es\/politica-de-privacidad\/#breadcrumb","itemListElement":[{"@type":"ListItem","position":1,"name":"Home","item":"https:\/\/www.apexcapitalcorp.com\/es\/"},{"@type":"ListItem","position":2,"name":"Pol\u00edtica de Privacidad"}]},{"@type":"WebSite","@id":"https:\/\/www.apexcapitalcorp.com\/es\/#website","url":"https:\/\/www.apexcapitalcorp.com\/es\/","name":"Apex Capital Factoring","description":"Freight Factoring, Fuel &amp; Authority for Trucking Companies","publisher":{"@id":"https:\/\/www.apexcapitalcorp.com\/es\/#organization"},"alternateName":"Apex Capital Corp","potentialAction":[{"@type":"SearchAction","target":{"@type":"EntryPoint","urlTemplate":"https:\/\/www.apexcapitalcorp.com\/es\/?s={search_term_string}"},"query-input":{"@type":"PropertyValueSpecification","valueRequired":true,"valueName":"search_term_string"}}],"inLanguage":"es"},{"@type":"Organization","@id":"https:\/\/www.apexcapitalcorp.com\/es\/#organization","name":"Apex Capital Corp","alternateName":"Apex","url":"https:\/\/www.apexcapitalcorp.com\/es\/","logo":{"@type":"ImageObject","inLanguage":"es","@id":"https:\/\/www.apexcapitalcorp.com\/es\/#\/schema\/logo\/image\/","url":"https:\/\/www.apexcapitalcorp.com\/wp-content\/uploads\/2023\/10\/Apex_LogoNoAFF_Online.png","contentUrl":"https:\/\/www.apexcapitalcorp.com\/wp-content\/uploads\/2023\/10\/Apex_LogoNoAFF_Online.png","width":798,"height":322,"caption":"Apex Capital Corp"},"image":{"@id":"https:\/\/www.apexcapitalcorp.com\/es\/#\/schema\/logo\/image\/"},"sameAs":["https:\/\/www.facebook.com\/apexyourfreightbills","https:\/\/www.instagram.com\/apexcapital\/","https:\/\/www.linkedin.com\/company\/apex-capital-corp\/"],"description":"A premium factoring company that specializes in freight factoring, but also factors invoices for other industries like construction, manufacturing, staffing, freight brokers, and more.","email":"info@apexcapitalcorp.com","telephone":"8005116022","legalName":"Apex Capital Corp","foundingDate":"1996-11-01","numberOfEmployees":{"@type":"QuantitativeValue","minValue":"201","maxValue":"500"}}]}},"_links":{"self":[{"href":"https:\/\/www.apexcapitalcorp.com\/es\/wp-json\/wp\/v2\/pages\/24750","targetHints":{"allow":["GET"]}}],"collection":[{"href":"https:\/\/www.apexcapitalcorp.com\/es\/wp-json\/wp\/v2\/pages"}],"about":[{"href":"https:\/\/www.apexcapitalcorp.com\/es\/wp-json\/wp\/v2\/types\/page"}],"author":[{"embeddable":true,"href":"https:\/\/www.apexcapitalcorp.com\/es\/wp-json\/wp\/v2\/users\/1"}],"replies":[{"embeddable":true,"href":"https:\/\/www.apexcapitalcorp.com\/es\/wp-json\/wp\/v2\/comments?post=24750"}],"version-history":[{"count":0,"href":"https:\/\/www.apexcapitalcorp.com\/es\/wp-json\/wp\/v2\/pages\/24750\/revisions"}],"wp:attachment":[{"href":"https:\/\/www.apexcapitalcorp.com\/es\/wp-json\/wp\/v2\/media?parent=24750"}],"curies":[{"name":"wp","href":"https:\/\/api.w.org\/{rel}","templated":true}]}}