{"id":23348,"date":"2023-07-06T22:06:12","date_gmt":"2023-07-07T03:06:12","guid":{"rendered":"https:\/\/apexx.agencypartnerinteractive.com\/rescate-en-carretera\/"},"modified":"2026-04-03T11:08:09","modified_gmt":"2026-04-03T16:08:09","slug":"rescate-en-carretera","status":"publish","type":"page","link":"https:\/\/www.apexcapitalcorp.com\/es\/utilidades\/rescate-en-carretera\/","title":{"rendered":"Asistencia en Carretera"},"content":{"rendered":"<div class=\"wpb-content-wrapper\"><p>[vc_row content_placement=&#8221;bottom&#8221; el_id=&#8221;roadside-sec1&#8243;][vc_column width=&#8221;1\/2&#8243;][vc_column_text css=&#8221;&#8221;]<\/p>\n<h2><strong style=\"font-family: inherit;\">Asistencia en Carretera<\/strong><\/h2>\n<div>\n<p>Apex Roadside Rescue 24\/7\/365, nuestro programa de rescate en carretera con servicio proporcionado por RoadSquad\u00ae, brinda a los clientes de Apex acceso r\u00e1pido y sencillo a asistencia por aver\u00edas de camiones, servicios en carretera y remolque.<\/p>\n<p>Con una red nacional establecida de proveedores de servicio para camiones, completamente evaluados y de alta calidad, los clientes de Apex pueden tener la tranquilidad de saber que tanto sus emergencias como el mantenimiento programado de sus unidades se atender\u00e1n de la manera m\u00e1s r\u00e1pida y rentable posible.<\/p>\n<p>Apex Roadside Rescue incluye:<\/p>\n<ul>\n<li>Membres\u00eda para clientes de Apex<\/li>\n<li>Centro de atenci\u00f3n telef\u00f3nica disponible 24\/7\/365<\/li>\n<li>Cobertura de asistencia en carretera por emergencias, remolque de flotas, llantas, cambios de aceite, mantenimiento preventivo y mucho m\u00e1s<\/li>\n<\/ul>\n<\/div>\n<p><a class=\"theme-button-1 btn-dark-bg cta-es\" href=\"https:\/\/www.apexcapitalcorp.com\/es\/aplicar\/\"><span class=\"\">Iniciar el factoraje<\/span><\/a>[\/vc_column_text][\/vc_column][vc_column width=&#8221;1\/2&#8243;][vc_single_image image=&#8221;25308&#8243; img_size=&#8221;full&#8221; style=&#8221;vc_box_rounded&#8221;][\/vc_column][\/vc_row][vc_row full_width=&#8221;stretch_row&#8221; el_id=&#8221;roadside-sec2&#8243; el_class=&#8221;arrow-bg-left&#8221;][vc_column][vc_column_text css=&#8221;&#8221;]<\/p>\n<h1 class=\"section-heading-1 mb-30\" style=\"text-align: center;\">Asistencia en carretera de Apex incluye:<\/h1>\n<p>[\/vc_column_text][vc_row_inner][vc_column_inner width=&#8221;1\/2&#8243;][vc_single_image image=&#8221;22799&#8243; img_size=&#8221;full&#8221;][vc_column_text css=&#8221;&#8221; el_class=&#8221;block-content&#8221;]<\/p>\n<h2><strong style=\"font-family: inherit;\">Servicios de Asistencia por Aver\u00edas<\/strong><\/h2>\n<div>\n<ul>\n<li>Red nacional de asistencia en carretera y remolque disponible 24\/7\/365<\/li>\n<li>T\u00e9cnicos dedicados y capacitados, con experiencia en la industria del transporte<\/li>\n<li>Seguimiento y diagn\u00f3stico de los aspectos cr\u00edticos de cada reparaci\u00f3n<\/li>\n<li>Respuesta r\u00e1pida con el mejor tiempo de llegada posible<\/li>\n<\/ul>\n<\/div>\n<p>[\/vc_column_text][\/vc_column_inner][vc_column_inner width=&#8221;1\/2&#8243;][vc_single_image image=&#8221;22800&#8243; img_size=&#8221;full&#8221;][vc_column_text css=&#8221;&#8221; el_class=&#8221;block-content&#8221;]<\/p>\n<h2><strong style=\"font-family: inherit;\">Remolque de Camiones<\/strong><\/h2>\n<div>\n<ul>\n<li>Gr\u00faas para servicio ligero, mediano y pesado<\/li>\n<li>Programa de decking y un\u2011decking (carga y descarga de unidades)<\/li>\n<li>Apoyo para camiones o remolques abandonados, que incluye remolque, almacenamiento, limpieza y reparaci\u00f3n<\/li>\n<li>Programa de apoyo con gr\u00faa para transporte y maniobras de cargas pesadas<\/li>\n<\/ul>\n<\/div>\n<p>[\/vc_column_text][\/vc_column_inner][\/vc_row_inner][vc_row_inner][vc_column_inner width=&#8221;1\/2&#8243;][vc_single_image image=&#8221;22801&#8243; img_size=&#8221;full&#8221;][vc_column_text css=&#8221;&#8221; el_class=&#8221;block-content&#8221;]<\/p>\n<h2><strong style=\"font-family: inherit;\">Recuperaci\u00f3n<\/strong><\/h2>\n<div>\n<ul>\n<li>Se aceptan los principales m\u00e9todos de pago de la industria<\/li>\n<li>Tarifas justas y transparentes, con un sistema de facturaci\u00f3n centralizado y conveniente<\/li>\n<li>Proceso de respuesta r\u00e1pida disponible 24\/7\/365, dise\u00f1ado para minimizar remolques o recuperaciones sin consentimiento<\/li>\n<li>Proveedores de servicio confiables y completamente evaluados, ubicados en todo Estados Unidos<\/li>\n<\/ul>\n<\/div>\n<p>[\/vc_column_text][\/vc_column_inner][vc_column_inner width=&#8221;1\/2&#8243;][vc_single_image image=&#8221;22802&#8243; img_size=&#8221;full&#8221;][vc_column_text css=&#8221;&#8221; el_class=&#8221;block-content&#8221;]<\/p>\n<h2><strong style=\"font-family: inherit;\">Despacho de Reparaciones<\/strong><\/h2>\n<div>\n<ul>\n<li>Asignaci\u00f3n no solo del cami\u00f3n de servicio m\u00e1s cercano, sino del mejor calificado para realizar la reparaci\u00f3n<\/li>\n<li>Centro de despacho centralizado<\/li>\n<li>Sistema de calificaci\u00f3n integral utilizado para la asignaci\u00f3n de servicios<\/li>\n<li>Despachadores con amplio conocimiento de la industria del transporte y un verdadero sentido de urgencia<\/li>\n<\/ul>\n<\/div>\n<p>[\/vc_column_text][\/vc_column_inner][\/vc_row_inner][vc_row_inner][vc_column_inner width=&#8221;1\/2&#8243;][vc_single_image image=&#8221;21709&#8243; img_size=&#8221;full&#8221;][vc_column_text css=&#8221;&#8221; el_class=&#8221;block-content&#8221;]<\/p>\n<h2><strong style=\"font-family: inherit;\">Mantenimiento de Camiones<\/strong><\/h2>\n<div>\n<ul>\n<li>M\u00e1s de 3,500 t\u00e9cnicos altamente capacitados y certificados<\/li>\n<li>T\u00e9cnicos con formaci\u00f3n integral en la industria de reparaci\u00f3n de camiones, que incluye certificaciones ASE y TIA<\/li>\n<li>Compromiso de garant\u00eda respaldado por una red nacional de servicio para camiones en carretera<\/li>\n<li>Red en Norteam\u00e9rica de remolque, reparaci\u00f3n m\u00f3vil, llantas y servicio para camiones y remolques<\/li>\n<\/ul>\n<\/div>\n<p>[\/vc_column_text][\/vc_column_inner][vc_column_inner width=&#8221;1\/2&#8243;][vc_single_image image=&#8221;22804&#8243; img_size=&#8221;full&#8221;][vc_column_text css=&#8221;&#8221; el_class=&#8221;last-block-content&#8221;]<\/p>\n<h1 class=\"section-heading-1\">\u00bfListo para cobrar?<\/h1>\n<p><a class=\"theme-button-1 btn-dark-bg cta-es\" href=\"https:\/\/www.apexcapitalcorp.com\/es\/aplicar\/\"><span class=\"\">Comience el factoraje<\/span><\/a>[\/vc_column_text][\/vc_column_inner][\/vc_row_inner][\/vc_column][\/vc_row]<\/p>\n<\/div>","protected":false},"excerpt":{"rendered":"<p>[vc_row content_placement=&#8221;bottom&#8221; el_id=&#8221;roadside-sec1&#8243;][vc_column width=&#8221;1\/2&#8243;][vc_column_text css=&#8221;&#8221;] Asistencia en Carretera Apex Roadside Rescue 24\/7\/365, nuestro programa de rescate en carretera con servicio proporcionado por RoadSquad\u00ae, brinda a los clientes de Apex acceso r\u00e1pido y sencillo a asistencia por aver\u00edas de camiones, servicios en carretera y remolque. Con una red nacional establecida de proveedores de servicio para camiones, [&hellip;]<\/p>\n","protected":false},"author":1,"featured_media":0,"parent":23328,"menu_order":0,"comment_status":"closed","ping_status":"closed","template":"","meta":{"_acf_changed":false,"inline_featured_image":false,"footnotes":""},"class_list":["post-23348","page","type-page","status-publish","hentry"],"acf":[],"yoast_head":"<!-- This site is optimized with the Yoast SEO Premium plugin v27.6 (Yoast SEO v27.6) - https:\/\/yoast.com\/product\/yoast-seo-premium-wordpress\/ -->\n<title>Rescate en Carretera Para Emergencias | Apex Capital<\/title>\n<meta name=\"description\" content=\"El programa Apex Roadside Rescue con servicio provisto por RoadSquad brinda a los clientes de Apex un f\u00e1cil acceso a asistencia de aver\u00eda de camiones, y m\u00e1s\" \/>\n<meta name=\"robots\" content=\"index, follow, max-snippet:-1, max-image-preview:large, max-video-preview:-1\" \/>\n<link rel=\"canonical\" href=\"https:\/\/www.apexcapitalcorp.com\/es\/utilidades\/rescate-en-carretera\/\" \/>\n<meta property=\"og:locale\" content=\"es_ES\" \/>\n<meta property=\"og:type\" content=\"article\" \/>\n<meta property=\"og:title\" content=\"Asistencia en Carretera\" \/>\n<meta property=\"og:description\" content=\"El programa Apex Roadside Rescue con servicio provisto por RoadSquad brinda a los clientes de Apex un f\u00e1cil acceso a asistencia de aver\u00eda de camiones, y m\u00e1s\" \/>\n<meta property=\"og:url\" content=\"https:\/\/www.apexcapitalcorp.com\/es\/utilidades\/rescate-en-carretera\/\" \/>\n<meta property=\"og:site_name\" content=\"Apex Capital Factoring\" \/>\n<meta property=\"article:publisher\" content=\"https:\/\/www.facebook.com\/apexyourfreightbills\" \/>\n<meta property=\"article:modified_time\" content=\"2026-04-03T16:08:09+00:00\" \/>\n<meta property=\"og:image\" content=\"https:\/\/www.apexcapitalcorp.com\/wp-content\/uploads\/2023\/09\/trucking-company.jpg\" \/>\n\t<meta property=\"og:image:width\" content=\"1397\" \/>\n\t<meta property=\"og:image:height\" content=\"881\" \/>\n\t<meta property=\"og:image:type\" content=\"image\/jpeg\" \/>\n<meta name=\"twitter:card\" content=\"summary_large_image\" \/>\n<meta name=\"twitter:label1\" content=\"Tiempo de lectura\" \/>\n\t<meta name=\"twitter:data1\" content=\"4 minutos\" \/>\n<script type=\"application\/ld+json\" class=\"yoast-schema-graph\">{\"@context\":\"https:\\\/\\\/schema.org\",\"@graph\":[{\"@type\":\"WebPage\",\"@id\":\"https:\\\/\\\/www.apexcapitalcorp.com\\\/es\\\/utilidades\\\/rescate-en-carretera\\\/\",\"url\":\"https:\\\/\\\/www.apexcapitalcorp.com\\\/es\\\/utilidades\\\/rescate-en-carretera\\\/\",\"name\":\"Rescate en Carretera Para Emergencias | Apex Capital\",\"isPartOf\":{\"@id\":\"https:\\\/\\\/www.apexcapitalcorp.com\\\/es\\\/#website\"},\"datePublished\":\"2023-07-07T03:06:12+00:00\",\"dateModified\":\"2026-04-03T16:08:09+00:00\",\"description\":\"El programa Apex Roadside Rescue con servicio provisto por RoadSquad brinda a los clientes de Apex un f\u00e1cil acceso a asistencia de aver\u00eda de camiones, y m\u00e1s\",\"breadcrumb\":{\"@id\":\"https:\\\/\\\/www.apexcapitalcorp.com\\\/es\\\/utilidades\\\/rescate-en-carretera\\\/#breadcrumb\"},\"inLanguage\":\"es\",\"potentialAction\":[{\"@type\":\"ReadAction\",\"target\":[\"https:\\\/\\\/www.apexcapitalcorp.com\\\/es\\\/utilidades\\\/rescate-en-carretera\\\/\"]}]},{\"@type\":\"BreadcrumbList\",\"@id\":\"https:\\\/\\\/www.apexcapitalcorp.com\\\/es\\\/utilidades\\\/rescate-en-carretera\\\/#breadcrumb\",\"itemListElement\":[{\"@type\":\"ListItem\",\"position\":1,\"name\":\"Home\",\"item\":\"https:\\\/\\\/www.apexcapitalcorp.com\\\/es\\\/\"},{\"@type\":\"ListItem\",\"position\":2,\"name\":\"Utilidades\",\"item\":\"https:\\\/\\\/www.apexcapitalcorp.com\\\/es\\\/utilidades\\\/\"},{\"@type\":\"ListItem\",\"position\":3,\"name\":\"Asistencia en Carretera\"}]},{\"@type\":\"WebSite\",\"@id\":\"https:\\\/\\\/www.apexcapitalcorp.com\\\/es\\\/#website\",\"url\":\"https:\\\/\\\/www.apexcapitalcorp.com\\\/es\\\/\",\"name\":\"Apex Capital Factoring\",\"description\":\"Freight Factoring, Fuel &amp; Authority for Trucking Companies\",\"publisher\":{\"@id\":\"https:\\\/\\\/www.apexcapitalcorp.com\\\/es\\\/#organization\"},\"alternateName\":\"Apex Capital Corp\",\"potentialAction\":[{\"@type\":\"SearchAction\",\"target\":{\"@type\":\"EntryPoint\",\"urlTemplate\":\"https:\\\/\\\/www.apexcapitalcorp.com\\\/es\\\/?s={search_term_string}\"},\"query-input\":{\"@type\":\"PropertyValueSpecification\",\"valueRequired\":true,\"valueName\":\"search_term_string\"}}],\"inLanguage\":\"es\"},{\"@type\":\"Organization\",\"@id\":\"https:\\\/\\\/www.apexcapitalcorp.com\\\/es\\\/#organization\",\"name\":\"Apex Capital Corp\",\"alternateName\":\"Apex\",\"url\":\"https:\\\/\\\/www.apexcapitalcorp.com\\\/es\\\/\",\"logo\":{\"@type\":\"ImageObject\",\"inLanguage\":\"es\",\"@id\":\"https:\\\/\\\/www.apexcapitalcorp.com\\\/es\\\/#\\\/schema\\\/logo\\\/image\\\/\",\"url\":\"https:\\\/\\\/www.apexcapitalcorp.com\\\/wp-content\\\/uploads\\\/2023\\\/10\\\/Apex_LogoNoAFF_Online.png\",\"contentUrl\":\"https:\\\/\\\/www.apexcapitalcorp.com\\\/wp-content\\\/uploads\\\/2023\\\/10\\\/Apex_LogoNoAFF_Online.png\",\"width\":798,\"height\":322,\"caption\":\"Apex Capital Corp\"},\"image\":{\"@id\":\"https:\\\/\\\/www.apexcapitalcorp.com\\\/es\\\/#\\\/schema\\\/logo\\\/image\\\/\"},\"sameAs\":[\"https:\\\/\\\/www.facebook.com\\\/apexyourfreightbills\",\"https:\\\/\\\/www.instagram.com\\\/apexcapital\\\/\",\"https:\\\/\\\/www.linkedin.com\\\/company\\\/apex-capital-corp\\\/\"],\"description\":\"A premium factoring company that specializes in freight factoring, but also factors invoices for other industries like construction, manufacturing, staffing, freight brokers, and more.\",\"email\":\"info@apexcapitalcorp.com\",\"telephone\":\"8005116022\",\"legalName\":\"Apex Capital Corp\",\"foundingDate\":\"1996-11-01\",\"numberOfEmployees\":{\"@type\":\"QuantitativeValue\",\"minValue\":\"201\",\"maxValue\":\"500\"}}]}<\/script>\n<!-- \/ Yoast SEO Premium plugin. -->","yoast_head_json":{"title":"Rescate en Carretera Para Emergencias | Apex Capital","description":"El programa Apex Roadside Rescue con servicio provisto por RoadSquad brinda a los clientes de Apex un f\u00e1cil acceso a asistencia de aver\u00eda de camiones, y m\u00e1s","robots":{"index":"index","follow":"follow","max-snippet":"max-snippet:-1","max-image-preview":"max-image-preview:large","max-video-preview":"max-video-preview:-1"},"canonical":"https:\/\/www.apexcapitalcorp.com\/es\/utilidades\/rescate-en-carretera\/","og_locale":"es_ES","og_type":"article","og_title":"Asistencia en Carretera","og_description":"El programa Apex Roadside Rescue con servicio provisto por RoadSquad brinda a los clientes de Apex un f\u00e1cil acceso a asistencia de aver\u00eda de camiones, y m\u00e1s","og_url":"https:\/\/www.apexcapitalcorp.com\/es\/utilidades\/rescate-en-carretera\/","og_site_name":"Apex Capital Factoring","article_publisher":"https:\/\/www.facebook.com\/apexyourfreightbills","article_modified_time":"2026-04-03T16:08:09+00:00","og_image":[{"width":1397,"height":881,"url":"https:\/\/www.apexcapitalcorp.com\/wp-content\/uploads\/2023\/09\/trucking-company.jpg","type":"image\/jpeg"}],"twitter_card":"summary_large_image","twitter_misc":{"Tiempo de lectura":"4 minutos"},"schema":{"@context":"https:\/\/schema.org","@graph":[{"@type":"WebPage","@id":"https:\/\/www.apexcapitalcorp.com\/es\/utilidades\/rescate-en-carretera\/","url":"https:\/\/www.apexcapitalcorp.com\/es\/utilidades\/rescate-en-carretera\/","name":"Rescate en Carretera Para Emergencias | Apex Capital","isPartOf":{"@id":"https:\/\/www.apexcapitalcorp.com\/es\/#website"},"datePublished":"2023-07-07T03:06:12+00:00","dateModified":"2026-04-03T16:08:09+00:00","description":"El programa Apex Roadside Rescue con servicio provisto por RoadSquad brinda a los clientes de Apex un f\u00e1cil acceso a asistencia de aver\u00eda de camiones, y m\u00e1s","breadcrumb":{"@id":"https:\/\/www.apexcapitalcorp.com\/es\/utilidades\/rescate-en-carretera\/#breadcrumb"},"inLanguage":"es","potentialAction":[{"@type":"ReadAction","target":["https:\/\/www.apexcapitalcorp.com\/es\/utilidades\/rescate-en-carretera\/"]}]},{"@type":"BreadcrumbList","@id":"https:\/\/www.apexcapitalcorp.com\/es\/utilidades\/rescate-en-carretera\/#breadcrumb","itemListElement":[{"@type":"ListItem","position":1,"name":"Home","item":"https:\/\/www.apexcapitalcorp.com\/es\/"},{"@type":"ListItem","position":2,"name":"Utilidades","item":"https:\/\/www.apexcapitalcorp.com\/es\/utilidades\/"},{"@type":"ListItem","position":3,"name":"Asistencia en Carretera"}]},{"@type":"WebSite","@id":"https:\/\/www.apexcapitalcorp.com\/es\/#website","url":"https:\/\/www.apexcapitalcorp.com\/es\/","name":"Apex Capital Factoring","description":"Freight Factoring, Fuel &amp; Authority for Trucking Companies","publisher":{"@id":"https:\/\/www.apexcapitalcorp.com\/es\/#organization"},"alternateName":"Apex Capital Corp","potentialAction":[{"@type":"SearchAction","target":{"@type":"EntryPoint","urlTemplate":"https:\/\/www.apexcapitalcorp.com\/es\/?s={search_term_string}"},"query-input":{"@type":"PropertyValueSpecification","valueRequired":true,"valueName":"search_term_string"}}],"inLanguage":"es"},{"@type":"Organization","@id":"https:\/\/www.apexcapitalcorp.com\/es\/#organization","name":"Apex Capital Corp","alternateName":"Apex","url":"https:\/\/www.apexcapitalcorp.com\/es\/","logo":{"@type":"ImageObject","inLanguage":"es","@id":"https:\/\/www.apexcapitalcorp.com\/es\/#\/schema\/logo\/image\/","url":"https:\/\/www.apexcapitalcorp.com\/wp-content\/uploads\/2023\/10\/Apex_LogoNoAFF_Online.png","contentUrl":"https:\/\/www.apexcapitalcorp.com\/wp-content\/uploads\/2023\/10\/Apex_LogoNoAFF_Online.png","width":798,"height":322,"caption":"Apex Capital Corp"},"image":{"@id":"https:\/\/www.apexcapitalcorp.com\/es\/#\/schema\/logo\/image\/"},"sameAs":["https:\/\/www.facebook.com\/apexyourfreightbills","https:\/\/www.instagram.com\/apexcapital\/","https:\/\/www.linkedin.com\/company\/apex-capital-corp\/"],"description":"A premium factoring company that specializes in freight factoring, but also factors invoices for other industries like construction, manufacturing, staffing, freight brokers, and more.","email":"info@apexcapitalcorp.com","telephone":"8005116022","legalName":"Apex Capital Corp","foundingDate":"1996-11-01","numberOfEmployees":{"@type":"QuantitativeValue","minValue":"201","maxValue":"500"}}]}},"_links":{"self":[{"href":"https:\/\/www.apexcapitalcorp.com\/es\/wp-json\/wp\/v2\/pages\/23348","targetHints":{"allow":["GET"]}}],"collection":[{"href":"https:\/\/www.apexcapitalcorp.com\/es\/wp-json\/wp\/v2\/pages"}],"about":[{"href":"https:\/\/www.apexcapitalcorp.com\/es\/wp-json\/wp\/v2\/types\/page"}],"author":[{"embeddable":true,"href":"https:\/\/www.apexcapitalcorp.com\/es\/wp-json\/wp\/v2\/users\/1"}],"replies":[{"embeddable":true,"href":"https:\/\/www.apexcapitalcorp.com\/es\/wp-json\/wp\/v2\/comments?post=23348"}],"version-history":[{"count":0,"href":"https:\/\/www.apexcapitalcorp.com\/es\/wp-json\/wp\/v2\/pages\/23348\/revisions"}],"up":[{"embeddable":true,"href":"https:\/\/www.apexcapitalcorp.com\/es\/wp-json\/wp\/v2\/pages\/23328"}],"wp:attachment":[{"href":"https:\/\/www.apexcapitalcorp.com\/es\/wp-json\/wp\/v2\/media?parent=23348"}],"curies":[{"name":"wp","href":"https:\/\/api.w.org\/{rel}","templated":true}]}}