{"id":23324,"date":"2023-07-16T21:57:42","date_gmt":"2023-07-17T02:57:42","guid":{"rendered":"https:\/\/apexx.agencypartnerinteractive.com\/portal-de-gestion-de-cuentas-apex-amp\/"},"modified":"2026-04-07T14:33:28","modified_gmt":"2026-04-07T19:33:28","slug":"el-portal-de-gestion-de-cuentas","status":"publish","type":"page","link":"https:\/\/www.apexcapitalcorp.com\/es\/utilidades\/el-portal-de-gestion-de-cuentas\/","title":{"rendered":"Portal de Administraci\u00f3n de Cuenta de Apex (AMP)"},"content":{"rendered":"<div class=\"wpb-content-wrapper\"><p>[vc_row el_class=&#8221;mb-65&#8243;][vc_column][vc_column_text css=&#8221;&#8221; el_class=&#8221;w-80 text-center&#8221;]<\/p>\n<h2 class=\"mb-30 section-heading-2\">Portal de Administraci\u00f3n de Cuenta de Apex (AMP)<\/h2>\n<p class=\"mb-40\"><span style=\"font-family: inherit;\">En Apex no tienes que factorizar a todos tus clientes. Sin embargo, cuando conoces los beneficios de iniciar sesi\u00f3n en el Portal de Administraci\u00f3n de Cuenta de Apex (AMP), es posible que quieras hacerlo.<\/span><\/p>\n<div>\n<p>Al iniciar sesi\u00f3n en AMP, siempre sabr\u00e1s el estado de tus facturas factorizadas. Los clientes de <a class=\"content-deeplink\" href=\"https:\/\/amp.apexcapitalcorp.com\/\">Apex<\/a> pueden guardar documentos fiscales importantes, crear y enviar facturas con nuestra sencilla herramienta de facturaci\u00f3n en l\u00ednea y tomar decisiones inteligentes sobre sus clientes con verificaciones de cr\u00e9dito gratuitas usando <a class=\"content-deeplink\" style=\"font-family: inherit;\" href=\"https:\/\/amp.apexcapitalcorp.com\/\">su acceso de Apex Capital<\/a><span style=\"font-family: inherit;\">.<\/span><\/p>\n<p>&nbsp;<\/p>\n<p><a class=\"theme-button-1 cta-es\" style=\"font-family: inherit;\" href=\"https:\/\/www.apexcapitalcorp.com\/es\/aplicar\/\"><span class=\"\">Iniciar el factoraje<\/span><\/a><\/p>\n<\/div>\n<p>[\/vc_column_text][\/vc_column][\/vc_row][vc_row full_width=&#8221;stretch_row&#8221; el_class=&#8221;pt-60 mb-65 blue-linear-gradient-top-bg&#8221;][vc_column width=&#8221;5\/12&#8243;][vc_single_image image=&#8221;25288&#8243; img_size=&#8221;full&#8221; style=&#8221;vc_box_rounded&#8221;][\/vc_column][vc_column width=&#8221;7\/12&#8243;][vc_column_text css=&#8221;&#8221; el_class=&#8221;text-white&#8221;]<\/p>\n<h3><strong style=\"font-family: inherit;\">\u00a1AMP hace que la administraci\u00f3n de tus facturas de fletes factorizados sea r\u00e1pida y sencilla!<\/strong><\/h3>\n<div>\n<ul>\n<li>Realiza verificaciones de cr\u00e9dito 24\/7\/365.<\/li>\n<li>Crea y env\u00eda facturas f\u00e1cilmente con nuestra herramienta de facturaci\u00f3n en l\u00ednea.<\/li>\n<li>Usa la herramienta Apex Fuel Finder para encontrar ahorros en combustible, con importantes descuentos por gal\u00f3n en m\u00e1s de 2,300 paradas de camiones afiliadas en todo el pa\u00eds.<\/li>\n<li>Genera reportes que muestran compras de combustible y descuentos obtenidos, revisa el vencimiento de facturas por cliente y consulta reportes de pagos con detalles desglosados.<\/li>\n<li>Guarda y accede f\u00e1cilmente a documentos importantes, como tu W\u20119, autoridad, seguro y el registro UCC.<\/li>\n<li>Usa nuestra pr\u00e1ctica opci\u00f3n de autofondeo para enviar dinero a tu tarjeta de combustible o cuenta bancaria 24\/7\/365.<\/li>\n<li>Accede a tu cuenta en cualquier momento y desde cualquier lugar con nuestra app Mobile Factoring\u2122.<\/li>\n<\/ul>\n<\/div>\n<p>[\/vc_column_text][\/vc_column][\/vc_row][vc_row el_class=&#8221;mb-65&#8243;][vc_column][vc_column_text el_class=&#8221;text-center&#8221;]<\/p>\n<h3 class=\"section-heading-2 mb-40\">\u00bfQu\u00e9 dicen de nosotros nuestros clientes?<\/h3>\n<p>[\/vc_column_text][vc_row_inner equal_height=&#8221;yes&#8221; content_placement=&#8221;middle&#8221; gap=&#8221;30&#8243;][vc_column_inner width=&#8221;1\/2&#8243; css=&#8221;.vc_custom_1689546080714{background-color: #415eab !important;border-radius: 10px !important;}&#8221;][vc_column_text css=&#8221;&#8221; el_class=&#8221;text-center text-white px-25&#8243;]<\/p>\n<p class=\"section-heading-4 mb-30\" style=\"font-weight: 400;\">&#8220;Apex Capital es una empresa de factoraje muy fiable con la que mantenemos una alianza desde hace m\u00e1s de 10 a\u00f1os. AMP es incre\u00edble. Puedes realizar t\u00fa mismo una comprobaci\u00f3n de cr\u00e9dito y facilita mucho la presentaci\u00f3n de facturas. Al final del a\u00f1o, basta con unos pocos clics para generar el resumen de fin de a\u00f1o para su CPA&#8221;.<\/p>\n<p class=\"section-heading-2-5\" style=\"font-weight: 300;\"><em>-Transporte AK<\/em><\/p>\n<p>[\/vc_column_text][\/vc_column_inner][vc_column_inner width=&#8221;1\/2&#8243; css=&#8221;.vc_custom_1689546088678{background-color: #415eab !important;border-radius: 10px !important;}&#8221;][vc_column_text el_class=&#8221;text-center text-white px-25&#8243;]<\/p>\n<p class=\"section-heading-4 mb-30\" style=\"font-weight: 400;\">Apex es genial y, con la ayuda de AMP, estoy bien informado. Adem\u00e1s, mi equipo de Apex es el mejor.<\/p>\n<p class=\"section-heading-2-5\" style=\"font-weight: 300;\"><em>-Transporte CGR<\/em><\/p>\n<p>[\/vc_column_text][\/vc_column_inner][\/vc_row_inner][\/vc_column][\/vc_row][vc_row full_width=&#8221;stretch_row&#8221; css=&#8221;.vc_custom_1689546208273{background-color: #f8f8f8 !important;}&#8221; el_class=&#8221;pt-65 pb-65&#8243;][vc_column][vc_column_text css=&#8221;&#8221;]<\/p>\n<h3 class=\"section-heading-2 mb-30\">Su cuenta de factoraje Apex<\/h3>\n<p>Para los clientes de Apex, AMP es un centro integral para administrar facturas, generar ahorros en combustible y mucho m\u00e1s. Con una tasa de satisfacci\u00f3n del cliente del <strong>93\u202f%<\/strong>, sabemos que te encantar\u00e1 tener toda esta informaci\u00f3n al alcance de la mano.[\/vc_column_text][vc_row_inner][vc_column_inner width=&#8221;1\/2&#8243;][vc_column_text]<\/p>\n<h4 class=\"section-heading-2-5 mb-40\">Con su inicio de sesi\u00f3n en Apex Capital obtendr\u00e1:<\/h4>\n<p>[\/vc_column_text][vc_column_text css=&#8221;&#8221; el_class=&#8221;mb-60&#8243;]<\/p>\n<div class=\"single-nextload-feature\">\n<div class=\"feature-head d-flex align-items-center\">\n<p><img loading=\"lazy\" decoding=\"async\" class=\"\" src=\"https:\/\/www.apexcapitalcorp.com\/\/wp-content\/uploads\/2023\/07\/credit-check-icon.svg\" alt=\"Apex credit check Icon\" width=\"48\" height=\"45\" \/><\/p>\n<h3 class=\"section-heading-2-5\">Verificaciones de cr\u00e9dito gratuitas<\/h3>\n<\/div>\n<p><a class=\"content-deeplink\" href=\"https:\/\/www.apexcapitalcorp.com\/es\/utilidades\/verificaciones-de-credito\/\">Comprobar el cr\u00e9dito<\/a> de sus clientes es extremadamente importante, es la forma de verificar los corredores y transportistas con los que desea trabajar y disminuir los riesgos, como el impago.<\/p>\n<\/div>\n<p>[\/vc_column_text][vc_column_text css=&#8221;&#8221; el_class=&#8221;mb-60&#8243;]<\/p>\n<div class=\"single-nextload-feature\">\n<div class=\"feature-head d-flex align-items-center\">\n<p><img loading=\"lazy\" decoding=\"async\" class=\"\" src=\"https:\/\/www.apexcapitalcorp.com\/\/wp-content\/uploads\/2023\/07\/online-port-icon.svg\" alt=\"Apex Account Management Portal Icon\" width=\"48\" height=\"49\" \/><\/p>\n<h3 class=\"section-heading-2-5\">Portal de facturaci\u00f3n Apex<\/h3>\n<\/div>\n<p>Presentar sus facturas de transporte nunca ha sido tan f\u00e1cil. Utilice el portal de facturaci\u00f3n para enviar r\u00e1pidamente facturas a Apex y cobrar con rapidez.<\/p>\n<\/div>\n<p>[\/vc_column_text][vc_column_text css=&#8221;&#8221; el_class=&#8221;mb-30&#8243;]<\/p>\n<div class=\"single-nextload-feature\">\n<div class=\"feature-head d-flex align-items-center\">\n<p><img decoding=\"async\" src=\"https:\/\/www.apexcapitalcorp.com\/\/wp-content\/uploads\/2023\/07\/fuel-finder-icon2.png\" alt=\"Icono\" \/><\/p>\n<h3 class=\"section-heading-2-5\">Acceso al buscador de combustible Apex<\/h3>\n<\/div>\n<p>El <a class=\"content-deeplink\" href=\"https:\/\/www.apexcapitalcorp.com\/es\/combustible\/fuel-finder\/\">buscador de combustible de Apex<\/a> es un mapa interactivo que muestra los mejores precios de combustible cerca de ti o a lo largo de tu ruta.<\/p>\n<p>Usa Apex Fuel Finder y realiza verificaciones de cr\u00e9dito a trav\u00e9s de AMP desde tu computadora. Cuando est\u00e1s en movimiento, nuestra <a class=\"content-deeplink\" href=\"https:\/\/www.apexcapitalcorp.com\/es\/utilidades\/apex-mobile-factoring\/\">aplicaci\u00f3n<\/a> gratuita <a class=\"content-deeplink\" href=\"https:\/\/www.apexcapitalcorp.com\/es\/utilidades\/apex-mobile-factoring\/\">Mobile Factoring\u2122 <\/a>te da acceso a la informaci\u00f3n que necesitas en cualquier momento y lugar.<\/p>\n<p>&nbsp;<\/p>\n<\/div>\n<p>[\/vc_column_text][\/vc_column_inner][vc_column_inner width=&#8221;1\/2&#8243;][vc_single_image image=&#8221;22860&#8243; img_size=&#8221;full&#8221;][vc_single_image image=&#8221;22864&#8243; img_size=&#8221;full&#8221; alignment=&#8221;right&#8221; css=&#8221;.vc_custom_1689548229163{margin-bottom: 0px !important;}&#8221; el_class=&#8221;mt-45&#8243;][\/vc_column_inner][\/vc_row_inner][\/vc_column][\/vc_row]<\/p>\n<\/div>","protected":false},"excerpt":{"rendered":"<p>[vc_row el_class=&#8221;mb-65&#8243;][vc_column][vc_column_text css=&#8221;&#8221; el_class=&#8221;w-80 text-center&#8221;] Portal de Administraci\u00f3n de Cuenta de Apex (AMP) En Apex no tienes que factorizar a todos tus clientes. Sin embargo, cuando conoces los beneficios de iniciar sesi\u00f3n en el Portal de Administraci\u00f3n de Cuenta de Apex (AMP), es posible que quieras hacerlo. Al iniciar sesi\u00f3n en AMP, siempre sabr\u00e1s el [&hellip;]<\/p>\n","protected":false},"author":1,"featured_media":0,"parent":23328,"menu_order":0,"comment_status":"closed","ping_status":"closed","template":"","meta":{"_acf_changed":false,"inline_featured_image":false,"footnotes":""},"class_list":["post-23324","page","type-page","status-publish","hentry"],"acf":[],"yoast_head":"<!-- This site is optimized with the Yoast SEO Premium plugin v27.6 (Yoast SEO v27.6) - https:\/\/yoast.com\/product\/yoast-seo-premium-wordpress\/ -->\n<title>El Portal de Gesti\u00f3n de Cuentas para Clientes de Apex Capital<\/title>\n<meta name=\"description\" content=\"Con AMP siempre sabr\u00e1s el estado de tus facturas factorizadas. Ejecutar verificaciones de cr\u00e9dito, Crear y enviar f\u00e1cilmente facturas en l\u00ednea, y m\u00e1s.\" \/>\n<meta name=\"robots\" content=\"index, follow, max-snippet:-1, max-image-preview:large, max-video-preview:-1\" \/>\n<link rel=\"canonical\" href=\"https:\/\/www.apexcapitalcorp.com\/es\/utilidades\/el-portal-de-gestion-de-cuentas\/\" \/>\n<meta property=\"og:locale\" content=\"es_ES\" \/>\n<meta property=\"og:type\" content=\"article\" \/>\n<meta property=\"og:title\" content=\"Portal de Administraci\u00f3n de Cuenta de Apex (AMP)\" \/>\n<meta property=\"og:description\" content=\"Con AMP siempre sabr\u00e1s el estado de tus facturas factorizadas. Ejecutar verificaciones de cr\u00e9dito, Crear y enviar f\u00e1cilmente facturas en l\u00ednea, y m\u00e1s.\" \/>\n<meta property=\"og:url\" content=\"https:\/\/www.apexcapitalcorp.com\/es\/utilidades\/el-portal-de-gestion-de-cuentas\/\" \/>\n<meta property=\"og:site_name\" content=\"Apex Capital Factoring\" \/>\n<meta property=\"article:publisher\" content=\"https:\/\/www.facebook.com\/apexyourfreightbills\" \/>\n<meta property=\"article:modified_time\" content=\"2026-04-07T19:33:28+00:00\" \/>\n<meta property=\"og:image\" content=\"https:\/\/www.apexcapitalcorp.com\/\/wp-content\/uploads\/2023\/07\/credit-check-icon.svg\" \/>\n<meta name=\"twitter:card\" content=\"summary_large_image\" \/>\n<meta name=\"twitter:label1\" content=\"Tiempo de lectura\" \/>\n\t<meta name=\"twitter:data1\" content=\"4 minutos\" \/>\n<script type=\"application\/ld+json\" class=\"yoast-schema-graph\">{\"@context\":\"https:\\\/\\\/schema.org\",\"@graph\":[{\"@type\":\"WebPage\",\"@id\":\"https:\\\/\\\/www.apexcapitalcorp.com\\\/es\\\/utilidades\\\/el-portal-de-gestion-de-cuentas\\\/\",\"url\":\"https:\\\/\\\/www.apexcapitalcorp.com\\\/es\\\/utilidades\\\/el-portal-de-gestion-de-cuentas\\\/\",\"name\":\"El Portal de Gesti\u00f3n de Cuentas para Clientes de Apex Capital\",\"isPartOf\":{\"@id\":\"https:\\\/\\\/www.apexcapitalcorp.com\\\/es\\\/#website\"},\"primaryImageOfPage\":{\"@id\":\"https:\\\/\\\/www.apexcapitalcorp.com\\\/es\\\/utilidades\\\/el-portal-de-gestion-de-cuentas\\\/#primaryimage\"},\"image\":{\"@id\":\"https:\\\/\\\/www.apexcapitalcorp.com\\\/es\\\/utilidades\\\/el-portal-de-gestion-de-cuentas\\\/#primaryimage\"},\"thumbnailUrl\":\"https:\\\/\\\/www.apexcapitalcorp.com\\\/\\\/wp-content\\\/uploads\\\/2023\\\/07\\\/credit-check-icon.svg\",\"datePublished\":\"2023-07-17T02:57:42+00:00\",\"dateModified\":\"2026-04-07T19:33:28+00:00\",\"description\":\"Con AMP siempre sabr\u00e1s el estado de tus facturas factorizadas. Ejecutar verificaciones de cr\u00e9dito, Crear y enviar f\u00e1cilmente facturas en l\u00ednea, y m\u00e1s.\",\"breadcrumb\":{\"@id\":\"https:\\\/\\\/www.apexcapitalcorp.com\\\/es\\\/utilidades\\\/el-portal-de-gestion-de-cuentas\\\/#breadcrumb\"},\"inLanguage\":\"es\",\"potentialAction\":[{\"@type\":\"ReadAction\",\"target\":[\"https:\\\/\\\/www.apexcapitalcorp.com\\\/es\\\/utilidades\\\/el-portal-de-gestion-de-cuentas\\\/\"]}]},{\"@type\":\"ImageObject\",\"inLanguage\":\"es\",\"@id\":\"https:\\\/\\\/www.apexcapitalcorp.com\\\/es\\\/utilidades\\\/el-portal-de-gestion-de-cuentas\\\/#primaryimage\",\"url\":\"https:\\\/\\\/www.apexcapitalcorp.com\\\/\\\/wp-content\\\/uploads\\\/2023\\\/07\\\/credit-check-icon.svg\",\"contentUrl\":\"https:\\\/\\\/www.apexcapitalcorp.com\\\/\\\/wp-content\\\/uploads\\\/2023\\\/07\\\/credit-check-icon.svg\"},{\"@type\":\"BreadcrumbList\",\"@id\":\"https:\\\/\\\/www.apexcapitalcorp.com\\\/es\\\/utilidades\\\/el-portal-de-gestion-de-cuentas\\\/#breadcrumb\",\"itemListElement\":[{\"@type\":\"ListItem\",\"position\":1,\"name\":\"Home\",\"item\":\"https:\\\/\\\/www.apexcapitalcorp.com\\\/es\\\/\"},{\"@type\":\"ListItem\",\"position\":2,\"name\":\"Utilidades\",\"item\":\"https:\\\/\\\/www.apexcapitalcorp.com\\\/es\\\/utilidades\\\/\"},{\"@type\":\"ListItem\",\"position\":3,\"name\":\"Portal de Administraci\u00f3n de Cuenta de Apex (AMP)\"}]},{\"@type\":\"WebSite\",\"@id\":\"https:\\\/\\\/www.apexcapitalcorp.com\\\/es\\\/#website\",\"url\":\"https:\\\/\\\/www.apexcapitalcorp.com\\\/es\\\/\",\"name\":\"Apex Capital Factoring\",\"description\":\"Freight Factoring, Fuel &amp; Authority for Trucking Companies\",\"publisher\":{\"@id\":\"https:\\\/\\\/www.apexcapitalcorp.com\\\/es\\\/#organization\"},\"alternateName\":\"Apex Capital Corp\",\"potentialAction\":[{\"@type\":\"SearchAction\",\"target\":{\"@type\":\"EntryPoint\",\"urlTemplate\":\"https:\\\/\\\/www.apexcapitalcorp.com\\\/es\\\/?s={search_term_string}\"},\"query-input\":{\"@type\":\"PropertyValueSpecification\",\"valueRequired\":true,\"valueName\":\"search_term_string\"}}],\"inLanguage\":\"es\"},{\"@type\":\"Organization\",\"@id\":\"https:\\\/\\\/www.apexcapitalcorp.com\\\/es\\\/#organization\",\"name\":\"Apex Capital Corp\",\"alternateName\":\"Apex\",\"url\":\"https:\\\/\\\/www.apexcapitalcorp.com\\\/es\\\/\",\"logo\":{\"@type\":\"ImageObject\",\"inLanguage\":\"es\",\"@id\":\"https:\\\/\\\/www.apexcapitalcorp.com\\\/es\\\/#\\\/schema\\\/logo\\\/image\\\/\",\"url\":\"https:\\\/\\\/www.apexcapitalcorp.com\\\/wp-content\\\/uploads\\\/2023\\\/10\\\/Apex_LogoNoAFF_Online.png\",\"contentUrl\":\"https:\\\/\\\/www.apexcapitalcorp.com\\\/wp-content\\\/uploads\\\/2023\\\/10\\\/Apex_LogoNoAFF_Online.png\",\"width\":798,\"height\":322,\"caption\":\"Apex Capital Corp\"},\"image\":{\"@id\":\"https:\\\/\\\/www.apexcapitalcorp.com\\\/es\\\/#\\\/schema\\\/logo\\\/image\\\/\"},\"sameAs\":[\"https:\\\/\\\/www.facebook.com\\\/apexyourfreightbills\",\"https:\\\/\\\/www.instagram.com\\\/apexcapital\\\/\",\"https:\\\/\\\/www.linkedin.com\\\/company\\\/apex-capital-corp\\\/\"],\"description\":\"A premium factoring company that specializes in freight factoring, but also factors invoices for other industries like construction, manufacturing, staffing, freight brokers, and more.\",\"email\":\"info@apexcapitalcorp.com\",\"telephone\":\"8005116022\",\"legalName\":\"Apex Capital Corp\",\"foundingDate\":\"1996-11-01\",\"numberOfEmployees\":{\"@type\":\"QuantitativeValue\",\"minValue\":\"201\",\"maxValue\":\"500\"}}]}<\/script>\n<!-- \/ Yoast SEO Premium plugin. -->","yoast_head_json":{"title":"El Portal de Gesti\u00f3n de Cuentas para Clientes de Apex Capital","description":"Con AMP siempre sabr\u00e1s el estado de tus facturas factorizadas. Ejecutar verificaciones de cr\u00e9dito, Crear y enviar f\u00e1cilmente facturas en l\u00ednea, y m\u00e1s.","robots":{"index":"index","follow":"follow","max-snippet":"max-snippet:-1","max-image-preview":"max-image-preview:large","max-video-preview":"max-video-preview:-1"},"canonical":"https:\/\/www.apexcapitalcorp.com\/es\/utilidades\/el-portal-de-gestion-de-cuentas\/","og_locale":"es_ES","og_type":"article","og_title":"Portal de Administraci\u00f3n de Cuenta de Apex (AMP)","og_description":"Con AMP siempre sabr\u00e1s el estado de tus facturas factorizadas. Ejecutar verificaciones de cr\u00e9dito, Crear y enviar f\u00e1cilmente facturas en l\u00ednea, y m\u00e1s.","og_url":"https:\/\/www.apexcapitalcorp.com\/es\/utilidades\/el-portal-de-gestion-de-cuentas\/","og_site_name":"Apex Capital Factoring","article_publisher":"https:\/\/www.facebook.com\/apexyourfreightbills","article_modified_time":"2026-04-07T19:33:28+00:00","og_image":[{"url":"https:\/\/www.apexcapitalcorp.com\/\/wp-content\/uploads\/2023\/07\/credit-check-icon.svg","type":"","width":"","height":""}],"twitter_card":"summary_large_image","twitter_misc":{"Tiempo de lectura":"4 minutos"},"schema":{"@context":"https:\/\/schema.org","@graph":[{"@type":"WebPage","@id":"https:\/\/www.apexcapitalcorp.com\/es\/utilidades\/el-portal-de-gestion-de-cuentas\/","url":"https:\/\/www.apexcapitalcorp.com\/es\/utilidades\/el-portal-de-gestion-de-cuentas\/","name":"El Portal de Gesti\u00f3n de Cuentas para Clientes de Apex Capital","isPartOf":{"@id":"https:\/\/www.apexcapitalcorp.com\/es\/#website"},"primaryImageOfPage":{"@id":"https:\/\/www.apexcapitalcorp.com\/es\/utilidades\/el-portal-de-gestion-de-cuentas\/#primaryimage"},"image":{"@id":"https:\/\/www.apexcapitalcorp.com\/es\/utilidades\/el-portal-de-gestion-de-cuentas\/#primaryimage"},"thumbnailUrl":"https:\/\/www.apexcapitalcorp.com\/\/wp-content\/uploads\/2023\/07\/credit-check-icon.svg","datePublished":"2023-07-17T02:57:42+00:00","dateModified":"2026-04-07T19:33:28+00:00","description":"Con AMP siempre sabr\u00e1s el estado de tus facturas factorizadas. Ejecutar verificaciones de cr\u00e9dito, Crear y enviar f\u00e1cilmente facturas en l\u00ednea, y m\u00e1s.","breadcrumb":{"@id":"https:\/\/www.apexcapitalcorp.com\/es\/utilidades\/el-portal-de-gestion-de-cuentas\/#breadcrumb"},"inLanguage":"es","potentialAction":[{"@type":"ReadAction","target":["https:\/\/www.apexcapitalcorp.com\/es\/utilidades\/el-portal-de-gestion-de-cuentas\/"]}]},{"@type":"ImageObject","inLanguage":"es","@id":"https:\/\/www.apexcapitalcorp.com\/es\/utilidades\/el-portal-de-gestion-de-cuentas\/#primaryimage","url":"https:\/\/www.apexcapitalcorp.com\/\/wp-content\/uploads\/2023\/07\/credit-check-icon.svg","contentUrl":"https:\/\/www.apexcapitalcorp.com\/\/wp-content\/uploads\/2023\/07\/credit-check-icon.svg"},{"@type":"BreadcrumbList","@id":"https:\/\/www.apexcapitalcorp.com\/es\/utilidades\/el-portal-de-gestion-de-cuentas\/#breadcrumb","itemListElement":[{"@type":"ListItem","position":1,"name":"Home","item":"https:\/\/www.apexcapitalcorp.com\/es\/"},{"@type":"ListItem","position":2,"name":"Utilidades","item":"https:\/\/www.apexcapitalcorp.com\/es\/utilidades\/"},{"@type":"ListItem","position":3,"name":"Portal de Administraci\u00f3n de Cuenta de Apex (AMP)"}]},{"@type":"WebSite","@id":"https:\/\/www.apexcapitalcorp.com\/es\/#website","url":"https:\/\/www.apexcapitalcorp.com\/es\/","name":"Apex Capital Factoring","description":"Freight Factoring, Fuel &amp; Authority for Trucking Companies","publisher":{"@id":"https:\/\/www.apexcapitalcorp.com\/es\/#organization"},"alternateName":"Apex Capital Corp","potentialAction":[{"@type":"SearchAction","target":{"@type":"EntryPoint","urlTemplate":"https:\/\/www.apexcapitalcorp.com\/es\/?s={search_term_string}"},"query-input":{"@type":"PropertyValueSpecification","valueRequired":true,"valueName":"search_term_string"}}],"inLanguage":"es"},{"@type":"Organization","@id":"https:\/\/www.apexcapitalcorp.com\/es\/#organization","name":"Apex Capital Corp","alternateName":"Apex","url":"https:\/\/www.apexcapitalcorp.com\/es\/","logo":{"@type":"ImageObject","inLanguage":"es","@id":"https:\/\/www.apexcapitalcorp.com\/es\/#\/schema\/logo\/image\/","url":"https:\/\/www.apexcapitalcorp.com\/wp-content\/uploads\/2023\/10\/Apex_LogoNoAFF_Online.png","contentUrl":"https:\/\/www.apexcapitalcorp.com\/wp-content\/uploads\/2023\/10\/Apex_LogoNoAFF_Online.png","width":798,"height":322,"caption":"Apex Capital Corp"},"image":{"@id":"https:\/\/www.apexcapitalcorp.com\/es\/#\/schema\/logo\/image\/"},"sameAs":["https:\/\/www.facebook.com\/apexyourfreightbills","https:\/\/www.instagram.com\/apexcapital\/","https:\/\/www.linkedin.com\/company\/apex-capital-corp\/"],"description":"A premium factoring company that specializes in freight factoring, but also factors invoices for other industries like construction, manufacturing, staffing, freight brokers, and more.","email":"info@apexcapitalcorp.com","telephone":"8005116022","legalName":"Apex Capital Corp","foundingDate":"1996-11-01","numberOfEmployees":{"@type":"QuantitativeValue","minValue":"201","maxValue":"500"}}]}},"_links":{"self":[{"href":"https:\/\/www.apexcapitalcorp.com\/es\/wp-json\/wp\/v2\/pages\/23324","targetHints":{"allow":["GET"]}}],"collection":[{"href":"https:\/\/www.apexcapitalcorp.com\/es\/wp-json\/wp\/v2\/pages"}],"about":[{"href":"https:\/\/www.apexcapitalcorp.com\/es\/wp-json\/wp\/v2\/types\/page"}],"author":[{"embeddable":true,"href":"https:\/\/www.apexcapitalcorp.com\/es\/wp-json\/wp\/v2\/users\/1"}],"replies":[{"embeddable":true,"href":"https:\/\/www.apexcapitalcorp.com\/es\/wp-json\/wp\/v2\/comments?post=23324"}],"version-history":[{"count":0,"href":"https:\/\/www.apexcapitalcorp.com\/es\/wp-json\/wp\/v2\/pages\/23324\/revisions"}],"up":[{"embeddable":true,"href":"https:\/\/www.apexcapitalcorp.com\/es\/wp-json\/wp\/v2\/pages\/23328"}],"wp:attachment":[{"href":"https:\/\/www.apexcapitalcorp.com\/es\/wp-json\/wp\/v2\/media?parent=23324"}],"curies":[{"name":"wp","href":"https:\/\/api.w.org\/{rel}","templated":true}]}}