{"id":23320,"date":"2023-07-12T23:51:28","date_gmt":"2023-07-13T04:51:28","guid":{"rendered":"https:\/\/apexx.agencypartnerinteractive.com\/blynk\/"},"modified":"2026-04-07T14:46:05","modified_gmt":"2026-04-07T19:46:05","slug":"blynk","status":"publish","type":"page","link":"https:\/\/www.apexcapitalcorp.com\/es\/utilidades\/blynk\/","title":{"rendered":"blynk\u00ae"},"content":{"rendered":"<div class=\"wpb-content-wrapper\"><p>[vc_row el_class=&#8221;pt-65 pb-65&#8243;][vc_column width=&#8221;1\/2&#8243;][vc_column_text css=&#8221;&#8221;]<\/p>\n<h2 class=\"section-heading-2 mb-40\">blynk\u00ae \u00a1La forma m\u00e1s r\u00e1pida de cobrar!<\/h2>\n<p>Ahora puede cobrar a\u00fan m\u00e1s r\u00e1pido con nuestro sistema de pago digital blynk\u00ae. Cuando factoriza las facturas de flete de su empresa de transporte con Apex, puede cobrar en cuesti\u00f3n de minutos con rapidez, facilidad y seguridad una vez procesadas sus facturas de flete.<\/p>\n<h2 class=\"section-heading-2-5 mb-30\">\u00bfQu\u00e9 es blynk\u00ae?<\/h2>\n<p class=\"mb-30\">Nuestro servicio de pago blynk\u00ae es un sistema de pago digital proprietario que permite a Apex Capital Corp pagar a sus clientes de factoraje m\u00e1s r\u00e1pido que nunca. Ahora, blynk\u00ae aporta rapidez, facilidad y seguridad a la gesti\u00f3n de el flujo de efectivo de su empresa de transporte. Se acab\u00f3 esperar horas o d\u00edas a que el dinero aparezca en su banco. Con blynk\u00ae, los fondos aparecen en su cuenta en cuesti\u00f3n de minutos.<\/p>\n<p><a class=\"theme-button-1 cta-es\" href=\"https:\/\/www.apexcapitalcorp.com\/es\/aplicar\/\"><span class=\"\">\u00a1Cobre hoy mismo!<\/span><\/a>[\/vc_column_text][\/vc_column][vc_column width=&#8221;1\/2&#8243;][vc_single_image image=&#8221;22839&#8243; img_size=&#8221;full&#8221;][\/vc_column][\/vc_row][vc_row full_width=&#8221;stretch_row&#8221; el_class=&#8221;pt-65 pb-65 bg-position-top&#8221; css=&#8221;.vc_custom_1693255644174{background-image: url(https:\/\/www.apexcapitalcorp.com\/\/wp-content\/uploads\/2023\/08\/Rectangle-164.png?id=22632) !important;background-position: 0 0 !important;background-repeat: no-repeat !important;}&#8221;][vc_column width=&#8221;1\/2&#8243;][vc_raw_html]JTNDaWZyYW1lJTIwY2xhc3MlM0QlMjJ2aWR5YXJkX2lmcmFtZSUyMiUyMHRpdGxlJTNEJTIyR2V0JTIwUGFpZCUyMGluJTIwdGhlJTIwYmx5bmslRTIlODQlQTIlMjBvZiUyMGFuJTIwRXllJTIxJTIyJTIwc3JjJTNEJTIyJTJGJTJGcGxheS52aWR5YXJkLmNvbSUyRmZrSnJUTDdzMjVncnlaUHBhRzdmNjkuaHRtbCUzRiUyMiUyMHdpZHRoJTNENjQwJTIwaGVpZ2h0JTNEMzYwJTIwc2Nyb2xsaW5nJTNEJTIybm8lMjIlMjBmcmFtZWJvcmRlciUzRCUyMjAlMjIlMjBhbGxvd3RyYW5zcGFyZW5jeSUzRCUyMnRydWUlMjIlMjBhbGxvd2Z1bGxzY3JlZW4lM0UlM0MlMkZpZnJhbWUlM0U=[\/vc_raw_html][\/vc_column][vc_column width=&#8221;1\/2&#8243; css=&#8221;.vc_custom_1693830533540{padding-left: 100px !important;}&#8221;][vc_column_text css=&#8221;&#8221; el_class=&#8221;text-white&#8221;]<\/p>\n<h2 class=\"section-heading-2 mb-30\">Recibir pagos con blynk\u00ae es m\u00e1s r\u00e1pido y sencillo para los clientes de factoraje de Apex:<\/h2>\n<ul>\n<li>Reciba el pago en cuesti\u00f3n de minutos una vez procesadas las facturas de transporte<\/li>\n<li>Utilice blynk\u00ae para recibir pagos a trav\u00e9s de Zelle\u00ae, tarjeta de d\u00e9bito bancaria o transferencia DDA<\/li>\n<li>La mayor\u00eda de los bancos no cobran comisiones por las transferencias entrantes<\/li>\n<li>El dinero va directamente a su cuenta bancaria<\/li>\n<li>Fondos disponibles para retirada inmediata<\/li>\n<li>blynk\u00ae est\u00e1 respaldado por la mayor\u00eda de las principales entidades financieras<\/li>\n<\/ul>\n<p>[\/vc_column_text][\/vc_column][vc_column][vc_raw_html css=&#8221;&#8221;]JTNDc2NyaXB0JTIwc3JjJTNEJTIyJTJGJTJGc3RhcnQuYXBleGNhcGl0YWxjb3JwLmNvbSUyRmpzJTJGZm9ybXMyJTJGanMlMkZmb3JtczIubWluLmpzJTIyJTNFJTNDJTJGc2NyaXB0JTNFJTIwJTNDZm9ybSUyMGlkJTNEJTIybWt0b0Zvcm1fMjA1OSUyMiUzRSUzQyUyRmZvcm0lM0UlMjAlM0NzY3JpcHQlM0VNa3RvRm9ybXMyLmxvYWRGb3JtJTI4JTIyJTJGJTJGc3RhcnQuYXBleGNhcGl0YWxjb3JwLmNvbSUyMiUyQyUyMCUyMjY4Ni1ITUgtMzUzJTIyJTJDJTIwMjA1OSUyOSUzQiUzQyUyRnNjcmlwdCUzRQ==[\/vc_raw_html][\/vc_column][\/vc_row]<\/p>\n<\/div>","protected":false},"excerpt":{"rendered":"<p>[vc_row el_class=&#8221;pt-65 pb-65&#8243;][vc_column width=&#8221;1\/2&#8243;][vc_column_text css=&#8221;&#8221;] blynk\u00ae \u00a1La forma m\u00e1s r\u00e1pida de cobrar! Ahora puede cobrar a\u00fan m\u00e1s r\u00e1pido con nuestro sistema de pago digital blynk\u00ae. Cuando factoriza las facturas de flete de su empresa de transporte con Apex, puede cobrar en cuesti\u00f3n de minutos con rapidez, facilidad y seguridad una vez procesadas sus facturas de [&hellip;]<\/p>\n","protected":false},"author":1,"featured_media":0,"parent":23328,"menu_order":0,"comment_status":"closed","ping_status":"closed","template":"","meta":{"_acf_changed":false,"inline_featured_image":false,"footnotes":""},"class_list":["post-23320","page","type-page","status-publish","hentry"],"acf":[],"yoast_head":"<!-- This site is optimized with the Yoast SEO Premium plugin v27.3 (Yoast SEO v27.3) - https:\/\/yoast.com\/product\/yoast-seo-premium-wordpress\/ -->\n<title>blynk es la forma m\u00e1s r\u00e1pida de cobrar | Apex Capital<\/title>\n<meta name=\"description\" content=\"Ahora puede recibir su dinero a\u00fan m\u00e1s r\u00e1pido con nuestro nuevo sistema de pago digital blynk.\" \/>\n<meta name=\"robots\" content=\"index, follow, max-snippet:-1, max-image-preview:large, max-video-preview:-1\" \/>\n<link rel=\"canonical\" href=\"https:\/\/www.apexcapitalcorp.com\/es\/utilidades\/blynk\/\" \/>\n<meta property=\"og:locale\" content=\"es_ES\" \/>\n<meta property=\"og:type\" content=\"article\" \/>\n<meta property=\"og:title\" content=\"blynk\u00ae\" \/>\n<meta property=\"og:description\" content=\"Ahora puede recibir su dinero a\u00fan m\u00e1s r\u00e1pido con nuestro nuevo sistema de pago digital blynk.\" \/>\n<meta property=\"og:url\" content=\"https:\/\/www.apexcapitalcorp.com\/es\/utilidades\/blynk\/\" \/>\n<meta property=\"og:site_name\" content=\"Apex Capital Factoring\" \/>\n<meta property=\"article:publisher\" content=\"https:\/\/www.facebook.com\/apexyourfreightbills\" \/>\n<meta property=\"article:modified_time\" content=\"2026-04-07T19:46:05+00:00\" \/>\n<meta property=\"og:image\" content=\"https:\/\/www.apexcapitalcorp.com\/wp-content\/uploads\/2023\/09\/trucking-company.jpg\" \/>\n\t<meta property=\"og:image:width\" content=\"1397\" \/>\n\t<meta property=\"og:image:height\" content=\"881\" \/>\n\t<meta property=\"og:image:type\" content=\"image\/jpeg\" \/>\n<meta name=\"twitter:card\" content=\"summary_large_image\" \/>\n<meta name=\"twitter:label1\" content=\"Tiempo de lectura\" \/>\n\t<meta name=\"twitter:data1\" content=\"2 minutos\" \/>\n<script type=\"application\/ld+json\" class=\"yoast-schema-graph\">{\"@context\":\"https:\\\/\\\/schema.org\",\"@graph\":[{\"@type\":\"WebPage\",\"@id\":\"https:\\\/\\\/www.apexcapitalcorp.com\\\/es\\\/utilidades\\\/blynk\\\/\",\"url\":\"https:\\\/\\\/www.apexcapitalcorp.com\\\/es\\\/utilidades\\\/blynk\\\/\",\"name\":\"blynk es la forma m\u00e1s r\u00e1pida de cobrar | Apex Capital\",\"isPartOf\":{\"@id\":\"https:\\\/\\\/www.apexcapitalcorp.com\\\/es\\\/#website\"},\"datePublished\":\"2023-07-13T04:51:28+00:00\",\"dateModified\":\"2026-04-07T19:46:05+00:00\",\"description\":\"Ahora puede recibir su dinero a\u00fan m\u00e1s r\u00e1pido con nuestro nuevo sistema de pago digital blynk.\",\"breadcrumb\":{\"@id\":\"https:\\\/\\\/www.apexcapitalcorp.com\\\/es\\\/utilidades\\\/blynk\\\/#breadcrumb\"},\"inLanguage\":\"es\",\"potentialAction\":[{\"@type\":\"ReadAction\",\"target\":[\"https:\\\/\\\/www.apexcapitalcorp.com\\\/es\\\/utilidades\\\/blynk\\\/\"]}]},{\"@type\":\"BreadcrumbList\",\"@id\":\"https:\\\/\\\/www.apexcapitalcorp.com\\\/es\\\/utilidades\\\/blynk\\\/#breadcrumb\",\"itemListElement\":[{\"@type\":\"ListItem\",\"position\":1,\"name\":\"Home\",\"item\":\"https:\\\/\\\/www.apexcapitalcorp.com\\\/es\\\/\"},{\"@type\":\"ListItem\",\"position\":2,\"name\":\"Utilidades\",\"item\":\"https:\\\/\\\/www.apexcapitalcorp.com\\\/es\\\/utilidades\\\/\"},{\"@type\":\"ListItem\",\"position\":3,\"name\":\"blynk\u00ae\"}]},{\"@type\":\"WebSite\",\"@id\":\"https:\\\/\\\/www.apexcapitalcorp.com\\\/es\\\/#website\",\"url\":\"https:\\\/\\\/www.apexcapitalcorp.com\\\/es\\\/\",\"name\":\"Apex Capital Factoring\",\"description\":\"Freight Factoring, Fuel &amp; Authority for Trucking Companies\",\"publisher\":{\"@id\":\"https:\\\/\\\/www.apexcapitalcorp.com\\\/es\\\/#organization\"},\"alternateName\":\"Apex Capital Corp\",\"potentialAction\":[{\"@type\":\"SearchAction\",\"target\":{\"@type\":\"EntryPoint\",\"urlTemplate\":\"https:\\\/\\\/www.apexcapitalcorp.com\\\/es\\\/?s={search_term_string}\"},\"query-input\":{\"@type\":\"PropertyValueSpecification\",\"valueRequired\":true,\"valueName\":\"search_term_string\"}}],\"inLanguage\":\"es\"},{\"@type\":\"Organization\",\"@id\":\"https:\\\/\\\/www.apexcapitalcorp.com\\\/es\\\/#organization\",\"name\":\"Apex Capital Corp\",\"alternateName\":\"Apex\",\"url\":\"https:\\\/\\\/www.apexcapitalcorp.com\\\/es\\\/\",\"logo\":{\"@type\":\"ImageObject\",\"inLanguage\":\"es\",\"@id\":\"https:\\\/\\\/www.apexcapitalcorp.com\\\/es\\\/#\\\/schema\\\/logo\\\/image\\\/\",\"url\":\"https:\\\/\\\/www.apexcapitalcorp.com\\\/wp-content\\\/uploads\\\/2023\\\/10\\\/Apex_LogoNoAFF_Online.png\",\"contentUrl\":\"https:\\\/\\\/www.apexcapitalcorp.com\\\/wp-content\\\/uploads\\\/2023\\\/10\\\/Apex_LogoNoAFF_Online.png\",\"width\":798,\"height\":322,\"caption\":\"Apex Capital Corp\"},\"image\":{\"@id\":\"https:\\\/\\\/www.apexcapitalcorp.com\\\/es\\\/#\\\/schema\\\/logo\\\/image\\\/\"},\"sameAs\":[\"https:\\\/\\\/www.facebook.com\\\/apexyourfreightbills\",\"https:\\\/\\\/www.instagram.com\\\/apexcapital\\\/\",\"https:\\\/\\\/www.linkedin.com\\\/company\\\/apex-capital-corp\\\/\"],\"description\":\"A premium factoring company that specializes in freight factoring, but also factors invoices for other industries like construction, manufacturing, staffing, freight brokers, and more.\",\"email\":\"info@apexcapitalcorp.com\",\"telephone\":\"8005116022\",\"legalName\":\"Apex Capital Corp\",\"foundingDate\":\"1996-11-01\",\"numberOfEmployees\":{\"@type\":\"QuantitativeValue\",\"minValue\":\"201\",\"maxValue\":\"500\"}}]}<\/script>\n<!-- \/ Yoast SEO Premium plugin. -->","yoast_head_json":{"title":"blynk es la forma m\u00e1s r\u00e1pida de cobrar | Apex Capital","description":"Ahora puede recibir su dinero a\u00fan m\u00e1s r\u00e1pido con nuestro nuevo sistema de pago digital blynk.","robots":{"index":"index","follow":"follow","max-snippet":"max-snippet:-1","max-image-preview":"max-image-preview:large","max-video-preview":"max-video-preview:-1"},"canonical":"https:\/\/www.apexcapitalcorp.com\/es\/utilidades\/blynk\/","og_locale":"es_ES","og_type":"article","og_title":"blynk\u00ae","og_description":"Ahora puede recibir su dinero a\u00fan m\u00e1s r\u00e1pido con nuestro nuevo sistema de pago digital blynk.","og_url":"https:\/\/www.apexcapitalcorp.com\/es\/utilidades\/blynk\/","og_site_name":"Apex Capital Factoring","article_publisher":"https:\/\/www.facebook.com\/apexyourfreightbills","article_modified_time":"2026-04-07T19:46:05+00:00","og_image":[{"width":1397,"height":881,"url":"https:\/\/www.apexcapitalcorp.com\/wp-content\/uploads\/2023\/09\/trucking-company.jpg","type":"image\/jpeg"}],"twitter_card":"summary_large_image","twitter_misc":{"Tiempo de lectura":"2 minutos"},"schema":{"@context":"https:\/\/schema.org","@graph":[{"@type":"WebPage","@id":"https:\/\/www.apexcapitalcorp.com\/es\/utilidades\/blynk\/","url":"https:\/\/www.apexcapitalcorp.com\/es\/utilidades\/blynk\/","name":"blynk es la forma m\u00e1s r\u00e1pida de cobrar | Apex Capital","isPartOf":{"@id":"https:\/\/www.apexcapitalcorp.com\/es\/#website"},"datePublished":"2023-07-13T04:51:28+00:00","dateModified":"2026-04-07T19:46:05+00:00","description":"Ahora puede recibir su dinero a\u00fan m\u00e1s r\u00e1pido con nuestro nuevo sistema de pago digital blynk.","breadcrumb":{"@id":"https:\/\/www.apexcapitalcorp.com\/es\/utilidades\/blynk\/#breadcrumb"},"inLanguage":"es","potentialAction":[{"@type":"ReadAction","target":["https:\/\/www.apexcapitalcorp.com\/es\/utilidades\/blynk\/"]}]},{"@type":"BreadcrumbList","@id":"https:\/\/www.apexcapitalcorp.com\/es\/utilidades\/blynk\/#breadcrumb","itemListElement":[{"@type":"ListItem","position":1,"name":"Home","item":"https:\/\/www.apexcapitalcorp.com\/es\/"},{"@type":"ListItem","position":2,"name":"Utilidades","item":"https:\/\/www.apexcapitalcorp.com\/es\/utilidades\/"},{"@type":"ListItem","position":3,"name":"blynk\u00ae"}]},{"@type":"WebSite","@id":"https:\/\/www.apexcapitalcorp.com\/es\/#website","url":"https:\/\/www.apexcapitalcorp.com\/es\/","name":"Apex Capital Factoring","description":"Freight Factoring, Fuel &amp; Authority for Trucking Companies","publisher":{"@id":"https:\/\/www.apexcapitalcorp.com\/es\/#organization"},"alternateName":"Apex Capital Corp","potentialAction":[{"@type":"SearchAction","target":{"@type":"EntryPoint","urlTemplate":"https:\/\/www.apexcapitalcorp.com\/es\/?s={search_term_string}"},"query-input":{"@type":"PropertyValueSpecification","valueRequired":true,"valueName":"search_term_string"}}],"inLanguage":"es"},{"@type":"Organization","@id":"https:\/\/www.apexcapitalcorp.com\/es\/#organization","name":"Apex Capital Corp","alternateName":"Apex","url":"https:\/\/www.apexcapitalcorp.com\/es\/","logo":{"@type":"ImageObject","inLanguage":"es","@id":"https:\/\/www.apexcapitalcorp.com\/es\/#\/schema\/logo\/image\/","url":"https:\/\/www.apexcapitalcorp.com\/wp-content\/uploads\/2023\/10\/Apex_LogoNoAFF_Online.png","contentUrl":"https:\/\/www.apexcapitalcorp.com\/wp-content\/uploads\/2023\/10\/Apex_LogoNoAFF_Online.png","width":798,"height":322,"caption":"Apex Capital Corp"},"image":{"@id":"https:\/\/www.apexcapitalcorp.com\/es\/#\/schema\/logo\/image\/"},"sameAs":["https:\/\/www.facebook.com\/apexyourfreightbills","https:\/\/www.instagram.com\/apexcapital\/","https:\/\/www.linkedin.com\/company\/apex-capital-corp\/"],"description":"A premium factoring company that specializes in freight factoring, but also factors invoices for other industries like construction, manufacturing, staffing, freight brokers, and more.","email":"info@apexcapitalcorp.com","telephone":"8005116022","legalName":"Apex Capital Corp","foundingDate":"1996-11-01","numberOfEmployees":{"@type":"QuantitativeValue","minValue":"201","maxValue":"500"}}]}},"_links":{"self":[{"href":"https:\/\/www.apexcapitalcorp.com\/es\/wp-json\/wp\/v2\/pages\/23320","targetHints":{"allow":["GET"]}}],"collection":[{"href":"https:\/\/www.apexcapitalcorp.com\/es\/wp-json\/wp\/v2\/pages"}],"about":[{"href":"https:\/\/www.apexcapitalcorp.com\/es\/wp-json\/wp\/v2\/types\/page"}],"author":[{"embeddable":true,"href":"https:\/\/www.apexcapitalcorp.com\/es\/wp-json\/wp\/v2\/users\/1"}],"replies":[{"embeddable":true,"href":"https:\/\/www.apexcapitalcorp.com\/es\/wp-json\/wp\/v2\/comments?post=23320"}],"version-history":[{"count":0,"href":"https:\/\/www.apexcapitalcorp.com\/es\/wp-json\/wp\/v2\/pages\/23320\/revisions"}],"up":[{"embeddable":true,"href":"https:\/\/www.apexcapitalcorp.com\/es\/wp-json\/wp\/v2\/pages\/23328"}],"wp:attachment":[{"href":"https:\/\/www.apexcapitalcorp.com\/es\/wp-json\/wp\/v2\/media?parent=23320"}],"curies":[{"name":"wp","href":"https:\/\/api.w.org\/{rel}","templated":true}]}}