{"id":23298,"date":"2026-05-01T09:00:00","date_gmt":"2026-05-01T14:00:00","guid":{"rendered":"https:\/\/apexx.agencypartnerinteractive.com\/startup-faq\/"},"modified":"2026-03-18T16:14:22","modified_gmt":"2026-03-18T21:14:22","slug":"preguntas-frequentes","status":"publish","type":"page","link":"https:\/\/www.apexcapitalcorp.com\/es\/autoridad\/preguntas-frequentes\/","title":{"rendered":"Preguntas m\u00e1s frecuentes"},"content":{"rendered":"<div class=\"wpb-content-wrapper\"><p>[vc_row][vc_column offset=&#8221;vc_col-lg-offset-1 vc_col-lg-10&#8243;][vc_tta_accordion c_position=&#8221;right&#8221; active_section=&#8221;1&#8243; el_id=&#8221;apex-faqs&#8221;][vc_tta_section title=&#8221;\u00bfQu\u00e9 es un n\u00famero MC?&#8221; tab_id=&#8221;1686958307260-0b46a833-473c&#8221;][vc_column_text css=&#8221;&#8221;]Si planea transportar carga regulada entre estados, deber\u00e1 solicitar un N\u00famero MC, tambi\u00e9n conocido como autoridad operativa. El N\u00famero MC se asigna a un transportista que mueve carga regulada de manera interestatal bajo la supervisi\u00f3n de la Administraci\u00f3n Federal de Seguridad de Autotransportes (FMCSA). La FMCSA es la agencia del gobierno que regula la industria del transporte.[\/vc_column_text][\/vc_tta_section][vc_tta_section title=&#8221;\u00bfCu\u00e1nto cuesta un n\u00famero USDOT?&#8221; tab_id=&#8221;1690157908267-25bc3586-5e99&#8243;][vc_column_text css=&#8221;&#8221;]Solicitar un n\u00famero USDOT es gratuito. Sin embargo, dependiendo de la actividad de su empresa de transporte, por ejemplo, si transporta cargas interestatales o intraestatales, es posible que necesite algo m\u00e1s que un n\u00famero DOT. Si desea saber m\u00e1s sobre cu\u00e1nto cuesta obtener autoridad y comenzar una empresa de transporte, puede ver nuestro desglose aqu\u00ed.[\/vc_column_text][\/vc_tta_section][vc_tta_section title=&#8221;\u00bfCu\u00e1nto se tarda en obtener un n\u00famero USDOT?&#8221; tab_id=&#8221;1690157940644-e2cba5e6-fc34&#8243;][vc_column_text css=&#8221;&#8221;]Si todo va bien, llenar el papeleo para obtener el n\u00famero USDOT puede llevar un par de horas. Sin embargo, poner en marcha una empresa de transporte y obtener la autorizaci\u00f3n activa requiere algo m\u00e1s que solicitar un n\u00famero USDOT.[\/vc_column_text][\/vc_tta_section][vc_tta_section title=&#8221;\u00bfQui\u00e9n es mi representante autorizado?&#8221; tab_id=&#8221;1690157940396-e9929a30-5ca1&#8243;][vc_column_text css=&#8221;&#8221;]Un Agente Registrado es la persona designada para recibir notificaciones judiciales si su empresa se ve involucrada en una demanda. Su Agente Registrado puede ser un directivo o empleado de su empresa. Cuando constituya una empresa, deber\u00e1 designar un Agente Registrado. Su estado tambi\u00e9n enviar\u00e1 todas las comunicaciones oficiales al Agente Registrado de su empresa.[\/vc_column_text][\/vc_tta_section][vc_tta_section title=&#8221;\u00bfQui\u00e9n es mi Parte Responsable?&#8221; tab_id=&#8221;1690157940125-eb6bba7a-1cd6&#8243;][vc_column_text css=&#8221;&#8221;]El Servicio de Impuestos Internos (IRS) exige que todas las empresas identifiquen a una Parte Responsable al solicitar un N\u00famero de Identificaci\u00f3n Patronal (EIN). Esta persona debe ser un directivo o gerente que controle, administre o dirija su empresa y sus activos. La Parte Responsable recibir\u00e1 todas las notificaciones oficiales del IRS.[\/vc_column_text][\/vc_tta_section][vc_tta_section title=&#8221;\u00bfQu\u00e9 es un BOC-3?&#8221; tab_id=&#8221;1690157939842-765f2227-4269&#8243;][vc_column_text css=&#8221;&#8221;]<\/p>\n<div>\n<p>El BOC\u20113 es un formulario presentado ante la FMCSA que identifica a un agente de procesos en cada estado donde opera un transportista interestatal. Se recomienda una presentaci\u00f3n general (\u201cblanket filing\u201d), la cual identifica a un agente de procesos en los 50 estados y en el Distrito de Columbia.<\/p>\n<p>Nota: Un agente de procesos BOC\u20113 no es necesariamente la misma persona que el Agente Registrado de su empresa. Su Agente Registrado se identifica para efectos de su estado base. Un agente de procesos BOC\u20113 es obligatorio y debe mantenerse en archivo con la FMCSA.<\/p>\n<\/div>\n<p>[\/vc_column_text][\/vc_tta_section][vc_tta_section title=&#8221;\u00bfCu\u00e1l es el plazo para obtener mi cami\u00f3n y mi seguro?&#8221; tab_id=&#8221;1690157939572-be9cc473-793e&#8221;][vc_column_text css=&#8221;&#8221;]En general, tendr\u00e1 unos tres meses desde que obtenga su N\u00famero MC hasta la fecha l\u00edmite establecida por la FMCSA. Despu\u00e9s de recibir su N\u00famero MC, la FMCSA le da 20 d\u00edas para presentar su comprobante de seguro. Si no lo presenta dentro de ese plazo, puede recibir una pr\u00f3rroga de 60 d\u00edas. Si la prueba de seguro no se presenta ni siquiera con la pr\u00f3rroga, la FMCSA podr\u00eda cancelar su solicitud. Si esto ocurre, deber\u00e1 repetir todo el proceso para obtener su autoridad.<\/p>\n<div>\n<p>La compa\u00f1\u00eda de seguros necesitar\u00e1 saber si su empresa va a comprar o arrendar tractores, camiones y\/o tr\u00e1ileres. Identifique su equipo con anticipaci\u00f3n para que la aseguradora pueda enviar su comprobante de seguro a la FMCSA m\u00e1s r\u00e1pidamente.<\/p>\n<\/div>\n<p>[\/vc_column_text][\/vc_tta_section][vc_tta_section title=&#8221;\u00bfQu\u00e9 seguro se exige?&#8221; tab_id=&#8221;1690157939289-97885204-dcc0&#8243;][vc_column_text css=&#8221;&#8221;]Si usted planea transportar materiales no peligrosos a trav\u00e9s de las fronteras estatales, la FMCSA requerir\u00e1 $ 750,000 en cobertura de responsabilidad civil. El seguro de carga no es un requisito de la FMCSA, pero es muy recomendable porque los corredores, transportistas y otros terceros lo exigir\u00e1n.<\/p>\n<p>La prueba de seguro de su empresa debe ser enviada a la FMCSA directamente por la compa\u00f1\u00eda de seguros que emite su cobertura. La presentaci\u00f3n de la cobertura de responsabilidad civil se formulario BMC-91. Los proveedores de seguros de los transportistas est\u00e1n familiarizados con el proceso y deben enviar la prueba de seguro a tiempo.[\/vc_column_text][\/vc_tta_section][vc_tta_section title=&#8221;\u00bfCu\u00e1ndo puedo empezar a transportar cargas?&#8221; tab_id=&#8221;1690157939025-677cd31e-384e&#8221;][vc_column_text]Usted puede comenzar a transportar carga interestatal tan pronto como su autoridad sea activada por la FMCSA. Sin embargo, los plazos del proceso de activaci\u00f3n var\u00edan.<\/p>\n<p>[\/vc_column_text][\/vc_tta_section][vc_tta_section title=&#8221;\u00bfNecesito un permiso de conducir comercial (CDL) para crear mi propia empresa de transporte?&#8221; tab_id=&#8221;1690157938751-0a2448fe-83e7&#8243;][vc_column_text css=&#8221;&#8221;]La FMCSA, al igual que las autoridades estatales, exige que todos los conductores que operan veh\u00edculos comerciales tengan una licencia CDL. Es decir, si planea iniciar una empresa de transporte y conducir el cami\u00f3n, necesita una CDL. Si no tiene pensado conducir, no est\u00e1 obligado a tener una licencia CDL.[\/vc_column_text][\/vc_tta_section][vc_tta_section title=&#8221;Acabo de recibir mi CDL, \u00bfcu\u00e1ndo puedo empezar mi propia empresa de transporte?&#8221; tab_id=&#8221;1690157938484-aeb98779-93e4&#8243;][vc_column_text css=&#8221;&#8221;]Si piensa ser propietario y conductor de su empresa de transporte, le conviene tener dos a\u00f1os de experiencia como conductor antes de crear su propia empresa de transporte. La mayor\u00eda de las compa\u00f1\u00edas de seguros no ofrecen cobertura a un costo asequible para conductores con menos de dos a\u00f1os de experiencia al volante.[\/vc_column_text][\/vc_tta_section][vc_tta_section title=&#8221;\u00bfEs transferible un n\u00famero MC?&#8221; tab_id=&#8221;1690157938222-c6f7b43d-f4ad&#8221;][vc_column_text css=&#8221;&#8221;]S\u00ed, un N\u00famero MC (o autoridad operativa) se puede transferir. Para transferir un N\u00famero MC, primero debe <a href=\"https:\/\/ask.fmcsa.dot.gov\/app\/answers\/detail\/a_id\/241\" target=\"_blank\" rel=\"noopener\">notificar a la FMCSA<\/a>. Luego, tanto el cedente como el cesionario deben completar varios pasos antes de que la transferencia del N\u00famero MC sea reconocida oficialmente, incluido actualizar o presentar el formulario MCS\u2011150.<\/p>\n<p>[\/vc_column_text][\/vc_tta_section][vc_tta_section title=&#8221;\u00bfEs transferible un n\u00famero USDOT?&#8221; tab_id=&#8221;1690157937928-de76ff9e-84b6&#8243;][vc_column_text css=&#8221;&#8221;]<span style=\"font-family: inherit;\">No, los n\u00fameros USDOT <\/span>no son transferibles<span style=\"font-family: inherit;\">. Estos n\u00fameros se asignan a una persona o a una entidad comercial y deben permanecer siempre identificables ante la FMCSA.<\/span><\/p>\n<div>\n<p>La autoridad operativa (un n\u00famero MC) s\u00ed puede transferirse. Si necesita cambiar la titularidad, el nombre legal u otros detalles comerciales en los registros, es recomendable revisar las gu\u00edas de la FMCSA sobre c\u00f3mo hacerlo.<\/p>\n<\/div>\n<p>[\/vc_column_text][\/vc_tta_section][vc_tta_section title=&#8221;\u00bfEs transferible la autoridad de transporte?&#8221; tab_id=&#8221;1690157922680-329c790c-78ed&#8221;][vc_column_text css=&#8221;&#8221;]<\/p>\n<div>\n<p>Un n\u00famero MC, o autoridad operativa, s\u00ed es transferible. Sin embargo, si tambi\u00e9n necesita un n\u00famero USDOT para operar legalmente en el comercio interestatal, tenga en cuenta que el n\u00famero USDOT no es transferible.<\/p>\n<p>Si desea transferir la autoridad de transporte de una entidad a otra, hay varios pasos que debe completar antes de que la FMCSA reconozca oficialmente esa transferencia.<\/p>\n<p>Si est\u00e1 pensando en transferir autoridad como una forma de iniciar su empresa de transporte con una autoridad ya establecida, le recomendamos leer nuestro blog donde hablamos sobre los pros y los contras de comprar una autoridad existente.<\/p>\n<\/div>\n<p>[\/vc_column_text][\/vc_tta_section][\/vc_tta_accordion][\/vc_column][\/vc_row][vc_row el_id=&#8221;trucking-company-sec8&#8243; css=&#8221;.vc_custom_1693760497301{background-image: url(https:\/\/www.apexcapitalcorp.com\/\/wp-content\/uploads\/2023\/09\/trucker-cash-gradient.png?id=23256) !important;background-position: center !important;background-repeat: no-repeat !important;background-size: cover !important;}&#8221;][vc_column width=&#8221;1\/2&#8243; el_class=&#8221;pt-0&#8243;][vc_column_text css=&#8221;&#8221; el_class=&#8221;mb-0 content-wrapper&#8221;]<\/p>\n<h2><strong style=\"font-family: inherit;\">\u00bfListo para comenzar?<\/strong><\/h2>\n<div>\n<p>Si tiene m\u00e1s preguntas o necesita ayuda para poner en marcha su empresa de transporte, estamos aqu\u00ed para ayudarle. El Apex Startup Program, nuestro programa de inicio,\u00a0le ayuda a formar su empresa de transporte y a solicitar su autoridad operativa (n\u00famero MC). Hacemos que el proceso sea sencillo, lo que le ahorra tiempo y elimina el estr\u00e9s.<\/p>\n<\/div>\n<p>[\/vc_column_text][vc_row_inner][vc_column_inner width=&#8221;1\/2&#8243;][vc_column_text css=&#8221;&#8221;]<\/p>\n<p style=\"text-align: left;\"><a href=\"https:\/\/www.apexcapitalcorp.com\/es\/autoridad\/aplicar\/\" target=\"_blank\" rel=\"noopener\">Llenar la aplicaci\u00f3n<\/a><\/p>\n<p>\u00a0[\/vc_column_text][\/vc_column_inner][vc_column_inner width=&#8221;1\/2&#8243;][vc_column_text el_id=&#8221;cta-no&#8221; el_class=&#8221;call-cta-white&#8221;]Ll\u00e1menos al:<br \/>\n<a href=\"tel:844-204-6608\">844-204-6608<\/a>[\/vc_column_text][\/vc_column_inner][\/vc_row_inner][\/vc_column][\/vc_row]<\/p>\n<\/div>","protected":false},"excerpt":{"rendered":"<p>[vc_row][vc_column offset=&#8221;vc_col-lg-offset-1 vc_col-lg-10&#8243;][vc_tta_accordion c_position=&#8221;right&#8221; active_section=&#8221;1&#8243; el_id=&#8221;apex-faqs&#8221;][vc_tta_section title=&#8221;\u00bfQu\u00e9 es un n\u00famero MC?&#8221; tab_id=&#8221;1686958307260-0b46a833-473c&#8221;][vc_column_text css=&#8221;&#8221;]Si planea transportar carga regulada entre estados, deber\u00e1 solicitar un N\u00famero MC, tambi\u00e9n conocido como autoridad operativa. El N\u00famero MC se asigna a un transportista que mueve carga regulada de manera interestatal bajo la supervisi\u00f3n de la Administraci\u00f3n Federal de Seguridad de Autotransportes [&hellip;]<\/p>\n","protected":false},"author":1,"featured_media":0,"parent":23334,"menu_order":0,"comment_status":"closed","ping_status":"closed","template":"","meta":{"_acf_changed":false,"inline_featured_image":false,"footnotes":""},"class_list":["post-23298","page","type-page","status-publish","hentry"],"acf":[],"yoast_head":"<!-- This site is optimized with the Yoast SEO Premium plugin v27.6 (Yoast SEO v27.6) - https:\/\/yoast.com\/product\/yoast-seo-premium-wordpress\/ -->\n<title>Preguntas Frecuentes del Apex Startup Program<\/title>\n<meta name=\"description\" content=\"\u00bfQu\u00e9 es un n\u00famero MC? \u00bfCu\u00e1nto cuesta un n\u00famero USDOT? \u00bfQu\u00e9 es un BOC-3? \u00bfQu\u00e9 seguro se requiere? Y M\u00e1s Preguntas del Apex Startup Program.\" \/>\n<meta name=\"robots\" content=\"index, follow, max-snippet:-1, max-image-preview:large, max-video-preview:-1\" \/>\n<link rel=\"canonical\" href=\"https:\/\/www.apexcapitalcorp.com\/es\/autoridad\/preguntas-frequentes\/\" \/>\n<meta property=\"og:locale\" content=\"es_ES\" \/>\n<meta property=\"og:type\" content=\"article\" \/>\n<meta property=\"og:title\" content=\"Preguntas m\u00e1s frecuentes\" \/>\n<meta property=\"og:description\" content=\"\u00bfQu\u00e9 es un n\u00famero MC? \u00bfCu\u00e1nto cuesta un n\u00famero USDOT? \u00bfQu\u00e9 es un BOC-3? \u00bfQu\u00e9 seguro se requiere? Y M\u00e1s Preguntas del Apex Startup Program.\" \/>\n<meta property=\"og:url\" content=\"https:\/\/www.apexcapitalcorp.com\/es\/autoridad\/preguntas-frequentes\/\" \/>\n<meta property=\"og:site_name\" content=\"Apex Capital Factoring\" \/>\n<meta property=\"article:publisher\" content=\"https:\/\/www.facebook.com\/apexyourfreightbills\" \/>\n<meta property=\"og:image\" content=\"https:\/\/www.apexcapitalcorp.com\/wp-content\/uploads\/2023\/09\/trucking-company.jpg\" \/>\n\t<meta property=\"og:image:width\" content=\"1397\" \/>\n\t<meta property=\"og:image:height\" content=\"881\" \/>\n\t<meta property=\"og:image:type\" content=\"image\/jpeg\" \/>\n<meta name=\"twitter:card\" content=\"summary_large_image\" \/>\n<meta name=\"twitter:label1\" content=\"Tiempo de lectura\" \/>\n\t<meta name=\"twitter:data1\" content=\"5 minutos\" \/>\n<script type=\"application\/ld+json\" class=\"yoast-schema-graph\">{\"@context\":\"https:\\\/\\\/schema.org\",\"@graph\":[{\"@type\":\"WebPage\",\"@id\":\"https:\\\/\\\/www.apexcapitalcorp.com\\\/es\\\/autoridad\\\/preguntas-frequentes\\\/\",\"url\":\"https:\\\/\\\/www.apexcapitalcorp.com\\\/es\\\/autoridad\\\/preguntas-frequentes\\\/\",\"name\":\"Preguntas Frecuentes del Apex Startup Program\",\"isPartOf\":{\"@id\":\"https:\\\/\\\/www.apexcapitalcorp.com\\\/es\\\/#website\"},\"datePublished\":\"2026-05-01T14:00:00+00:00\",\"description\":\"\u00bfQu\u00e9 es un n\u00famero MC? \u00bfCu\u00e1nto cuesta un n\u00famero USDOT? \u00bfQu\u00e9 es un BOC-3? \u00bfQu\u00e9 seguro se requiere? Y M\u00e1s Preguntas del Apex Startup Program.\",\"breadcrumb\":{\"@id\":\"https:\\\/\\\/www.apexcapitalcorp.com\\\/es\\\/autoridad\\\/preguntas-frequentes\\\/#breadcrumb\"},\"inLanguage\":\"es\",\"potentialAction\":[{\"@type\":\"ReadAction\",\"target\":[\"https:\\\/\\\/www.apexcapitalcorp.com\\\/es\\\/autoridad\\\/preguntas-frequentes\\\/\"]}]},{\"@type\":\"BreadcrumbList\",\"@id\":\"https:\\\/\\\/www.apexcapitalcorp.com\\\/es\\\/autoridad\\\/preguntas-frequentes\\\/#breadcrumb\",\"itemListElement\":[{\"@type\":\"ListItem\",\"position\":1,\"name\":\"Home\",\"item\":\"https:\\\/\\\/www.apexcapitalcorp.com\\\/es\\\/\"},{\"@type\":\"ListItem\",\"position\":2,\"name\":\"EL APEX STARTUP PROGRAM\",\"item\":\"https:\\\/\\\/www.apexcapitalcorp.com\\\/es\\\/autoridad\\\/\"},{\"@type\":\"ListItem\",\"position\":3,\"name\":\"Preguntas m\u00e1s frecuentes\"}]},{\"@type\":\"WebSite\",\"@id\":\"https:\\\/\\\/www.apexcapitalcorp.com\\\/es\\\/#website\",\"url\":\"https:\\\/\\\/www.apexcapitalcorp.com\\\/es\\\/\",\"name\":\"Apex Capital Factoring\",\"description\":\"Freight Factoring, Fuel &amp; Authority for Trucking Companies\",\"publisher\":{\"@id\":\"https:\\\/\\\/www.apexcapitalcorp.com\\\/es\\\/#organization\"},\"alternateName\":\"Apex Capital Corp\",\"potentialAction\":[{\"@type\":\"SearchAction\",\"target\":{\"@type\":\"EntryPoint\",\"urlTemplate\":\"https:\\\/\\\/www.apexcapitalcorp.com\\\/es\\\/?s={search_term_string}\"},\"query-input\":{\"@type\":\"PropertyValueSpecification\",\"valueRequired\":true,\"valueName\":\"search_term_string\"}}],\"inLanguage\":\"es\"},{\"@type\":\"Organization\",\"@id\":\"https:\\\/\\\/www.apexcapitalcorp.com\\\/es\\\/#organization\",\"name\":\"Apex Capital Corp\",\"alternateName\":\"Apex\",\"url\":\"https:\\\/\\\/www.apexcapitalcorp.com\\\/es\\\/\",\"logo\":{\"@type\":\"ImageObject\",\"inLanguage\":\"es\",\"@id\":\"https:\\\/\\\/www.apexcapitalcorp.com\\\/es\\\/#\\\/schema\\\/logo\\\/image\\\/\",\"url\":\"https:\\\/\\\/www.apexcapitalcorp.com\\\/wp-content\\\/uploads\\\/2023\\\/10\\\/Apex_LogoNoAFF_Online.png\",\"contentUrl\":\"https:\\\/\\\/www.apexcapitalcorp.com\\\/wp-content\\\/uploads\\\/2023\\\/10\\\/Apex_LogoNoAFF_Online.png\",\"width\":798,\"height\":322,\"caption\":\"Apex Capital Corp\"},\"image\":{\"@id\":\"https:\\\/\\\/www.apexcapitalcorp.com\\\/es\\\/#\\\/schema\\\/logo\\\/image\\\/\"},\"sameAs\":[\"https:\\\/\\\/www.facebook.com\\\/apexyourfreightbills\",\"https:\\\/\\\/www.instagram.com\\\/apexcapital\\\/\",\"https:\\\/\\\/www.linkedin.com\\\/company\\\/apex-capital-corp\\\/\"],\"description\":\"A premium factoring company that specializes in freight factoring, but also factors invoices for other industries like construction, manufacturing, staffing, freight brokers, and more.\",\"email\":\"info@apexcapitalcorp.com\",\"telephone\":\"8005116022\",\"legalName\":\"Apex Capital Corp\",\"foundingDate\":\"1996-11-01\",\"numberOfEmployees\":{\"@type\":\"QuantitativeValue\",\"minValue\":\"201\",\"maxValue\":\"500\"}}]}<\/script>\n<!-- \/ Yoast SEO Premium plugin. -->","yoast_head_json":{"title":"Preguntas Frecuentes del Apex Startup Program","description":"\u00bfQu\u00e9 es un n\u00famero MC? \u00bfCu\u00e1nto cuesta un n\u00famero USDOT? \u00bfQu\u00e9 es un BOC-3? \u00bfQu\u00e9 seguro se requiere? Y M\u00e1s Preguntas del Apex Startup Program.","robots":{"index":"index","follow":"follow","max-snippet":"max-snippet:-1","max-image-preview":"max-image-preview:large","max-video-preview":"max-video-preview:-1"},"canonical":"https:\/\/www.apexcapitalcorp.com\/es\/autoridad\/preguntas-frequentes\/","og_locale":"es_ES","og_type":"article","og_title":"Preguntas m\u00e1s frecuentes","og_description":"\u00bfQu\u00e9 es un n\u00famero MC? \u00bfCu\u00e1nto cuesta un n\u00famero USDOT? \u00bfQu\u00e9 es un BOC-3? \u00bfQu\u00e9 seguro se requiere? Y M\u00e1s Preguntas del Apex Startup Program.","og_url":"https:\/\/www.apexcapitalcorp.com\/es\/autoridad\/preguntas-frequentes\/","og_site_name":"Apex Capital Factoring","article_publisher":"https:\/\/www.facebook.com\/apexyourfreightbills","og_image":[{"width":1397,"height":881,"url":"https:\/\/www.apexcapitalcorp.com\/wp-content\/uploads\/2023\/09\/trucking-company.jpg","type":"image\/jpeg"}],"twitter_card":"summary_large_image","twitter_misc":{"Tiempo de lectura":"5 minutos"},"schema":{"@context":"https:\/\/schema.org","@graph":[{"@type":"WebPage","@id":"https:\/\/www.apexcapitalcorp.com\/es\/autoridad\/preguntas-frequentes\/","url":"https:\/\/www.apexcapitalcorp.com\/es\/autoridad\/preguntas-frequentes\/","name":"Preguntas Frecuentes del Apex Startup Program","isPartOf":{"@id":"https:\/\/www.apexcapitalcorp.com\/es\/#website"},"datePublished":"2026-05-01T14:00:00+00:00","description":"\u00bfQu\u00e9 es un n\u00famero MC? \u00bfCu\u00e1nto cuesta un n\u00famero USDOT? \u00bfQu\u00e9 es un BOC-3? \u00bfQu\u00e9 seguro se requiere? Y M\u00e1s Preguntas del Apex Startup Program.","breadcrumb":{"@id":"https:\/\/www.apexcapitalcorp.com\/es\/autoridad\/preguntas-frequentes\/#breadcrumb"},"inLanguage":"es","potentialAction":[{"@type":"ReadAction","target":["https:\/\/www.apexcapitalcorp.com\/es\/autoridad\/preguntas-frequentes\/"]}]},{"@type":"BreadcrumbList","@id":"https:\/\/www.apexcapitalcorp.com\/es\/autoridad\/preguntas-frequentes\/#breadcrumb","itemListElement":[{"@type":"ListItem","position":1,"name":"Home","item":"https:\/\/www.apexcapitalcorp.com\/es\/"},{"@type":"ListItem","position":2,"name":"EL APEX STARTUP PROGRAM","item":"https:\/\/www.apexcapitalcorp.com\/es\/autoridad\/"},{"@type":"ListItem","position":3,"name":"Preguntas m\u00e1s frecuentes"}]},{"@type":"WebSite","@id":"https:\/\/www.apexcapitalcorp.com\/es\/#website","url":"https:\/\/www.apexcapitalcorp.com\/es\/","name":"Apex Capital Factoring","description":"Freight Factoring, Fuel &amp; Authority for Trucking Companies","publisher":{"@id":"https:\/\/www.apexcapitalcorp.com\/es\/#organization"},"alternateName":"Apex Capital Corp","potentialAction":[{"@type":"SearchAction","target":{"@type":"EntryPoint","urlTemplate":"https:\/\/www.apexcapitalcorp.com\/es\/?s={search_term_string}"},"query-input":{"@type":"PropertyValueSpecification","valueRequired":true,"valueName":"search_term_string"}}],"inLanguage":"es"},{"@type":"Organization","@id":"https:\/\/www.apexcapitalcorp.com\/es\/#organization","name":"Apex Capital Corp","alternateName":"Apex","url":"https:\/\/www.apexcapitalcorp.com\/es\/","logo":{"@type":"ImageObject","inLanguage":"es","@id":"https:\/\/www.apexcapitalcorp.com\/es\/#\/schema\/logo\/image\/","url":"https:\/\/www.apexcapitalcorp.com\/wp-content\/uploads\/2023\/10\/Apex_LogoNoAFF_Online.png","contentUrl":"https:\/\/www.apexcapitalcorp.com\/wp-content\/uploads\/2023\/10\/Apex_LogoNoAFF_Online.png","width":798,"height":322,"caption":"Apex Capital Corp"},"image":{"@id":"https:\/\/www.apexcapitalcorp.com\/es\/#\/schema\/logo\/image\/"},"sameAs":["https:\/\/www.facebook.com\/apexyourfreightbills","https:\/\/www.instagram.com\/apexcapital\/","https:\/\/www.linkedin.com\/company\/apex-capital-corp\/"],"description":"A premium factoring company that specializes in freight factoring, but also factors invoices for other industries like construction, manufacturing, staffing, freight brokers, and more.","email":"info@apexcapitalcorp.com","telephone":"8005116022","legalName":"Apex Capital Corp","foundingDate":"1996-11-01","numberOfEmployees":{"@type":"QuantitativeValue","minValue":"201","maxValue":"500"}}]}},"_links":{"self":[{"href":"https:\/\/www.apexcapitalcorp.com\/es\/wp-json\/wp\/v2\/pages\/23298","targetHints":{"allow":["GET"]}}],"collection":[{"href":"https:\/\/www.apexcapitalcorp.com\/es\/wp-json\/wp\/v2\/pages"}],"about":[{"href":"https:\/\/www.apexcapitalcorp.com\/es\/wp-json\/wp\/v2\/types\/page"}],"author":[{"embeddable":true,"href":"https:\/\/www.apexcapitalcorp.com\/es\/wp-json\/wp\/v2\/users\/1"}],"replies":[{"embeddable":true,"href":"https:\/\/www.apexcapitalcorp.com\/es\/wp-json\/wp\/v2\/comments?post=23298"}],"version-history":[{"count":0,"href":"https:\/\/www.apexcapitalcorp.com\/es\/wp-json\/wp\/v2\/pages\/23298\/revisions"}],"up":[{"embeddable":true,"href":"https:\/\/www.apexcapitalcorp.com\/es\/wp-json\/wp\/v2\/pages\/23334"}],"wp:attachment":[{"href":"https:\/\/www.apexcapitalcorp.com\/es\/wp-json\/wp\/v2\/media?parent=23298"}],"curies":[{"name":"wp","href":"https:\/\/api.w.org\/{rel}","templated":true}]}}